{"id":3551,"date":"2023-06-28T16:02:05","date_gmt":"2023-06-28T16:02:05","guid":{"rendered":"https:\/\/grammer-nutriset.com\/bancos-para-embarcacoes-profissionais-e-desportivas-grammer-nutriset\/ds-44-bancos-para-embarcacoes-profissionais-e-desportivas-grammer-nutriset\/"},"modified":"2023-12-05T15:59:48","modified_gmt":"2023-12-05T15:59:48","slug":"ds-44-bancos-para-embarcacoes-profissionais-e-desportivas-grammer-nutriset","status":"publish","type":"page","link":"https:\/\/grammer-nutriset.com\/pt-pt\/bancos-para-embarcacoes-profissionais-e-desportivas-grammer-nutriset\/ds-44-bancos-para-embarcacoes-profissionais-e-desportivas-grammer-nutriset\/","title":{"rendered":"DS 44 \u2013 Bancos para embarca\u00e7\u00f5es profissionais e desportivas Grammer Nutriset"},"content":{"rendered":"<p>[et_pb_section fb_built=&#8221;1&#8243; module_class=&#8221;sliderindividual&#8221; _builder_version=&#8221;4.21.0&#8243; _module_preset=&#8221;default&#8221; background_image=&#8221;https:\/\/grammer-nutriset.com\/wp-content\/uploads\/2023\/06\/grammer-asientos-ergonomicos-de-calidad-nutriset-embarcaciones-rpofesionales-y-deportivas.jpg&#8221; height=&#8221;500px&#8221; custom_margin=&#8221;-40px||||false|false&#8221; filter_contrast=&#8221;120%&#8221; custom_css_main_element=&#8221;  display: flex;||  justify-content: center;||  align-items: center;&#8221; global_module=&#8221;1892&#8243; saved_tabs=&#8221;all&#8221; global_colors_info=&#8221;{}&#8221;][et_pb_row _builder_version=&#8221;4.21.0&#8243; _module_preset=&#8221;default&#8221; global_colors_info=&#8221;{}&#8221;][et_pb_column type=&#8221;4_4&#8243; _builder_version=&#8221;4.21.0&#8243; _module_preset=&#8221;default&#8221; global_colors_info=&#8221;{}&#8221;][et_pb_text module_class=&#8221;frasehome&#8221; _builder_version=&#8221;4.21.0&#8243; _module_preset=&#8221;default&#8221; text_font=&#8221;Golos|900|||||||&#8221; text_text_color=&#8221;#FFFFFF&#8221; text_orientation=&#8221;center&#8221; custom_margin=&#8221;||22px||false|false&#8221; global_colors_info=&#8221;{}&#8221;]<\/p>\n<p>Mais conforto para seu <br \/>EMBARCA\u00c7\u00c3O<\/p>\n<p>[\/et_pb_text][et_pb_text _builder_version=&#8221;4.21.0&#8243; _module_preset=&#8221;default&#8221; text_text_color=&#8221;#FFFFFF&#8221; text_orientation=&#8221;center&#8221; width=&#8221;70%&#8221; width_tablet=&#8221;100%&#8221; width_phone=&#8221;100%&#8221; width_last_edited=&#8221;on|tablet&#8221; module_alignment=&#8221;center&#8221; global_colors_info=&#8221;{}&#8221;]<\/p>\n<p>Desfrute da navega\u00e7\u00e3o com conforto e seguran\u00e7a, com os nossos bancos de alta qualidade para n\u00e1utica.\n<\/p>\n<p>[\/et_pb_text][\/et_pb_column][\/et_pb_row][\/et_pb_section][et_pb_section fb_built=&#8221;1&#8243; custom_padding_last_edited=&#8221;on|phone&#8221; _builder_version=&#8221;4.21.0&#8243; _module_preset=&#8221;default&#8221; background_enable_color=&#8221;off&#8221; background_enable_image=&#8221;off&#8221; custom_padding=&#8221;80px||20px||false|false&#8221; custom_padding_tablet=&#8221;50px||0px||false|false&#8221; custom_padding_phone=&#8221;50px||40px||false|false&#8221; global_colors_info=&#8221;{}&#8221;][et_pb_row column_structure=&#8221;1_2,1_2&#8243; use_custom_gutter=&#8221;on&#8221; gutter_width=&#8221;2&#8243; module_class=&#8221;intro_asiento&#8221; _builder_version=&#8221;4.21.0&#8243; _module_preset=&#8221;default&#8221; custom_margin_tablet=&#8221;||||false|false&#8221; custom_margin_phone=&#8221;||||false|false&#8221; custom_margin_last_edited=&#8221;on|tablet&#8221; custom_css_main_element=&#8221;  display: flex;||  justify-content: center;||  align-items: center;&#8221; global_colors_info=&#8221;{}&#8221; custom_css_main_element_last_edited=&#8221;on|phone&#8221; custom_css_main_element_tablet=&#8221;display: block;&#8221; custom_css_main_element_phone=&#8221;display: block;&#8221;][et_pb_column type=&#8221;1_2&#8243; _builder_version=&#8221;4.21.0&#8243; _module_preset=&#8221;default&#8221; custom_padding=&#8221;|60px|||false|false&#8221; custom_padding_tablet=&#8221;|0px|||false|false&#8221; custom_padding_phone=&#8221;|0px|||false|false&#8221; custom_padding_last_edited=&#8221;on|tablet&#8221; global_colors_info=&#8221;{}&#8221;][et_pb_text _builder_version=&#8221;4.21.0&#8243; _module_preset=&#8221;default&#8221; header_font=&#8221;|700|||||||&#8221; header_text_color=&#8221;gcid-ba9b7497-2c5f-4358-a058-bf4d2cf9cc27&#8243; custom_margin=&#8221;||20px||false|false&#8221; global_colors_info=&#8221;{%22gcid-ba9b7497-2c5f-4358-a058-bf4d2cf9cc27%22:%91%22header_text_color%22%93}&#8221;]<\/p>\n<h1>DS 44<\/h1>\n<p>[\/et_pb_text][et_pb_text _builder_version=&#8221;4.21.0&#8243; _module_preset=&#8221;default&#8221; text_font=&#8221;||||||||&#8221; text_text_color=&#8221;gcid-ba9b7497-2c5f-4358-a058-bf4d2cf9cc27&#8243; width_tablet=&#8221;&#8221; width_phone=&#8221;&#8221; width_last_edited=&#8221;on|desktop&#8221; module_alignment=&#8221;center&#8221; custom_margin=&#8221;30px||30px||false|false&#8221; global_colors_info=&#8221;{%22gcid-ba9b7497-2c5f-4358-a058-bf4d2cf9cc27%22:%91%22text_text_color%22%93}&#8221;]<\/p>\n<div class=\"filnumero\">\n<div class=\"colnumero1\"><img decoding=\"async\" src=\"https:\/\/grammer-nutriset.com\/wp-content\/uploads\/2023\/06\/nutriset-asientos-ergonomicos-y-de-calidad-grammer-barco.png\" alt=\"\" class=\"wp-image-292 alignnone size-full numero\" width=\"80\" height=\"auto\"><\/div>\n<div class=\"colnumero2\">\n<p class=\"pnumero unalinia\"><strong>Banco n\u00e1utico standard com suspens\u00e3o mec\u00e2nica. <\/strong><\/p>\n<\/div>\n<\/div>\n<p>[\/et_pb_text][et_pb_text _builder_version=&#8221;4.21.0&#8243; _module_preset=&#8221;default&#8221; custom_margin=&#8221;||45px||false|false&#8221; custom_margin_tablet=&#8221;||45px||false|false&#8221; custom_margin_phone=&#8221;||40px||false|false&#8221; custom_margin_last_edited=&#8221;on|tablet&#8221; global_colors_info=&#8221;{}&#8221;]<\/p>\n<p>Explore o banco Grammer Avento DS44, especificamente concebido para embarca\u00e7\u00f5es. Este banco standard oferece uma suspens\u00e3o mec\u00e2nica e guias de correr para maior conforto e ajuste. Com caracter\u00edsticas t\u00e9cnicas, como o ajuste de peso de 50-120 kg, garante uma experi\u00eancia confort\u00e1vel durante a navega\u00e7\u00e3o.  <\/p>\n<p>[\/et_pb_text][et_pb_button button_text=&#8221;Baixar ficha t\u00e9cnica&#8221; button_alignment=&#8221;left&#8221; button_text_tablet=&#8221;Baixar ficha t\u00e9cnica&#8221; button_text_phone=&#8221;Ficha t\u00e9cnica&#8221; button_text_last_edited=&#8221;on|phone&#8221; button_alignment_tablet=&#8221;left&#8221; button_alignment_phone=&#8221;left&#8221; button_alignment_last_edited=&#8221;on|tablet&#8221; _builder_version=&#8221;4.21.0&#8243; _module_preset=&#8221;default&#8221; custom_button=&#8221;on&#8221; button_use_icon=&#8221;off&#8221; custom_margin_tablet=&#8221;15px||||false|false&#8221; custom_margin_phone=&#8221;15px||||false|false&#8221; custom_margin_last_edited=&#8221;on|phone&#8221; custom_padding=&#8221;15px|80px|15px|80px|true|true&#8221; custom_padding_tablet=&#8221;|50px||50px|true|true&#8221; custom_padding_phone=&#8221;15px|35px|15px|35px|true|true&#8221; custom_padding_last_edited=&#8221;on|tablet&#8221; hover_enabled=&#8221;0&#8243; global_colors_info=&#8221;{}&#8221; custom_css_main_element_last_edited=&#8221;on|tablet&#8221; custom_css_main_element_phone=&#8221;width: 100%;||text-align: center;&#8221; custom_css_main_element_tablet=&#8221;width: 100%;||text-align: center;&#8221; button_url=&#8221;https:\/\/grammer-nutriset.com\/wp-content\/uploads\/2023\/10\/Marina-Professional-Grammer-Avento-DS-44-B12.pdf&#8221; sticky_enabled=&#8221;0&#8243;][\/et_pb_button][\/et_pb_column][et_pb_column type=&#8221;1_2&#8243; _builder_version=&#8221;4.21.0&#8243; _module_preset=&#8221;default&#8221; custom_padding=&#8221;|60px|||false|false&#8221; global_colors_info=&#8221;{}&#8221;][et_pb_image src=&#8221;https:\/\/grammer-nutriset.com\/wp-content\/uploads\/2023\/06\/Nautico-Nutriset_DS-44-27.jpg&#8221; title_text=&#8221;Nautico &#8211; Nutriset_DS 44-27&#8243; align=&#8221;right&#8221; align_tablet=&#8221;center&#8221; align_phone=&#8221;right&#8221; align_last_edited=&#8221;on|tablet&#8221; disabled_on=&#8221;off|off|off&#8221; _builder_version=&#8221;4.21.0&#8243; _module_preset=&#8221;default&#8221; width=&#8221;75%&#8221; width_tablet=&#8221;100%&#8221; width_phone=&#8221;101%&#8221; width_last_edited=&#8221;on|phone&#8221; custom_margin_tablet=&#8221;60px||50px||false|false&#8221; custom_margin_phone=&#8221;50px||0px||false|false&#8221; custom_margin_last_edited=&#8221;on|phone&#8221; global_colors_info=&#8221;{}&#8221;][\/et_pb_image][\/et_pb_column][\/et_pb_row][\/et_pb_section][et_pb_section fb_built=&#8221;1&#8243; custom_padding_last_edited=&#8221;on|phone&#8221; _builder_version=&#8221;4.21.0&#8243; _module_preset=&#8221;default&#8221; background_enable_color=&#8221;off&#8221; background_enable_image=&#8221;off&#8221; custom_margin=&#8221;0px||||false|false&#8221; custom_padding=&#8221;80px||50px||false|false&#8221; custom_padding_tablet=&#8221;0px||50px||false|false&#8221; custom_padding_phone=&#8221;0px||0px||false|false&#8221; global_colors_info=&#8221;{}&#8221;][et_pb_row column_structure=&#8221;1_2,1_2&#8243; use_custom_gutter=&#8221;on&#8221; gutter_width=&#8221;4&#8243; module_class=&#8221;detalles_asiento&#8221; _builder_version=&#8221;4.21.0&#8243; _module_preset=&#8221;default&#8221; custom_margin=&#8221;0px||100px||false|false&#8221; custom_margin_tablet=&#8221;||0px||false|false&#8221; custom_margin_phone=&#8221;||70px||false|false&#8221; custom_margin_last_edited=&#8221;on|phone&#8221; custom_padding=&#8221;0px||0px||true|false&#8221; global_colors_info=&#8221;{}&#8221;][et_pb_column type=&#8221;1_2&#8243; _builder_version=&#8221;4.21.0&#8243; _module_preset=&#8221;default&#8221; global_colors_info=&#8221;{}&#8221;][et_pb_image src=&#8221;https:\/\/grammer-nutriset.com\/wp-content\/uploads\/2023\/12\/Nautico-VENDRELL-pt6.png&#8221; title_text=&#8221;Nautico Grammer Nutriset 6&#8243; show_in_lightbox=&#8221;on&#8221; module_class=&#8221;lista_asiento&#8221; _builder_version=&#8221;4.21.0&#8243; _module_preset=&#8221;default&#8221; custom_margin=&#8221;||60px||false|false&#8221; custom_margin_tablet=&#8221;||70px||false|false&#8221; custom_margin_phone=&#8221;||60px||false|false&#8221; custom_margin_last_edited=&#8221;on|phone&#8221; global_colors_info=&#8221;{}&#8221;][\/et_pb_image][et_pb_text _builder_version=&#8221;4.21.0&#8243; _module_preset=&#8221;default&#8221; header_font=&#8221;|700|||||||&#8221; header_text_color=&#8221;gcid-ba9b7497-2c5f-4358-a058-bf4d2cf9cc27&#8243; header_2_font=&#8221;|700|||||||&#8221; header_2_text_align=&#8221;left&#8221; header_2_text_color=&#8221;gcid-ba9b7497-2c5f-4358-a058-bf4d2cf9cc27&#8243; custom_margin=&#8221;||30px||false|false&#8221; custom_margin_tablet=&#8221;||40px||false|false&#8221; custom_margin_phone=&#8221;||30px||false|false&#8221; custom_margin_last_edited=&#8221;on|tablet&#8221; custom_padding_tablet=&#8221;&#8221; custom_padding_phone=&#8221;&#8221; custom_padding_last_edited=&#8221;on|tablet&#8221; global_colors_info=&#8221;{%22gcid-ba9b7497-2c5f-4358-a058-bf4d2cf9cc27%22:%91%22header_text_color%22,%22header_2_text_color%22%93}&#8221;]<\/p>\n<h2>Caracter\u00edsticas<\/h2>\n<p>[\/et_pb_text][et_pb_image src=&#8221;https:\/\/grammer-nutriset.com\/wp-content\/uploads\/2023\/12\/DS-44_3-1.png&#8221; title_text=&#8221;Carretillas &#8211; Caracteristicas_DS 44&#8243; _builder_version=&#8221;4.21.0&#8243; _module_preset=&#8221;default&#8221; width=&#8221;60%&#8221; width_tablet=&#8221;70%&#8221; width_phone=&#8221;100%&#8221; width_last_edited=&#8221;on|desktop&#8221; module_alignment=&#8221;left&#8221; custom_margin_tablet=&#8221;||25px||false|false&#8221; custom_margin_phone=&#8221;||80px||false|false&#8221; custom_margin_last_edited=&#8221;on|tablet&#8221; module_alignment_tablet=&#8221;left&#8221; module_alignment_phone=&#8221;center&#8221; module_alignment_last_edited=&#8221;on|desktop&#8221; global_colors_info=&#8221;{}&#8221;][\/et_pb_image][\/et_pb_column][et_pb_column type=&#8221;1_2&#8243; module_class=&#8221;caracteristicas-asiento&#8221; _builder_version=&#8221;4.21.0&#8243; _module_preset=&#8221;default&#8221; global_colors_info=&#8221;{}&#8221;][et_pb_text module_class=&#8221;medidas-titol&#8221; _builder_version=&#8221;4.21.0&#8243; _module_preset=&#8221;default&#8221; header_font=&#8221;|700|||||||&#8221; header_text_color=&#8221;gcid-ba9b7497-2c5f-4358-a058-bf4d2cf9cc27&#8243; custom_margin=&#8221;||20px||false|false&#8221; global_colors_info=&#8221;{%22gcid-ba9b7497-2c5f-4358-a058-bf4d2cf9cc27%22:%91%22header_text_color%22%93}&#8221;]<\/p>\n<h1>Medidas<\/h1>\n<p>[\/et_pb_text][et_pb_image src=&#8221;https:\/\/grammer-nutriset.com\/wp-content\/uploads\/2023\/06\/Nautico-Nutriset_DS-44-28.jpg&#8221; title_text=&#8221;Nautico &#8211; Nutriset_DS 44-28&#8243; show_in_lightbox=&#8221;on&#8221; align=&#8221;center&#8221; force_fullwidth=&#8221;on&#8221; disabled_on=&#8221;off|off|off&#8221; module_class=&#8221;medidas-imagen&#8221; _builder_version=&#8221;4.21.0&#8243; _module_preset=&#8221;default&#8221; width_tablet=&#8221;100%&#8221; width_phone=&#8221;100%&#8221; width_last_edited=&#8221;on|desktop&#8221; custom_margin=&#8221;40px||||false|false&#8221; custom_margin_tablet=&#8221;50px||40px||false|false&#8221; custom_margin_phone=&#8221;30px||30px||false|false&#8221; custom_margin_last_edited=&#8221;on|tablet&#8221; module_alignment_tablet=&#8221;right&#8221; module_alignment_phone=&#8221;center&#8221; module_alignment_last_edited=&#8221;on|tablet&#8221; global_colors_info=&#8221;{}&#8221; width__hover_enabled=&#8221;off|desktop&#8221;][\/et_pb_image][\/et_pb_column][\/et_pb_row][\/et_pb_section]<\/p>\n","protected":false},"excerpt":{"rendered":"<p>Mais conforto para seu EMBARCA\u00c7\u00c3ODesfrute da navega\u00e7\u00e3o com conforto e seguran\u00e7a, com os nossos bancos de alta qualidade para n\u00e1utica. DS 44 Banco n\u00e1utico standard com suspens\u00e3o mec\u00e2nica. Explore o banco Grammer Avento DS44, especificamente concebido para embarca\u00e7\u00f5es. Este banco standard oferece uma suspens\u00e3o mec\u00e2nica e guias de correr para maior conforto e ajuste. Com [&hellip;]<\/p>\n","protected":false},"author":1,"featured_media":0,"parent":3222,"menu_order":0,"comment_status":"closed","ping_status":"closed","template":"","meta":{"_et_pb_use_builder":"on","_et_pb_old_content":"","_et_gb_content_width":"","footnotes":""},"class_list":["post-3551","page","type-page","status-publish","hentry"],"_links":{"self":[{"href":"https:\/\/grammer-nutriset.com\/pt-pt\/wp-json\/wp\/v2\/pages\/3551","targetHints":{"allow":["GET"]}}],"collection":[{"href":"https:\/\/grammer-nutriset.com\/pt-pt\/wp-json\/wp\/v2\/pages"}],"about":[{"href":"https:\/\/grammer-nutriset.com\/pt-pt\/wp-json\/wp\/v2\/types\/page"}],"author":[{"embeddable":true,"href":"https:\/\/grammer-nutriset.com\/pt-pt\/wp-json\/wp\/v2\/users\/1"}],"replies":[{"embeddable":true,"href":"https:\/\/grammer-nutriset.com\/pt-pt\/wp-json\/wp\/v2\/comments?post=3551"}],"version-history":[{"count":10,"href":"https:\/\/grammer-nutriset.com\/pt-pt\/wp-json\/wp\/v2\/pages\/3551\/revisions"}],"predecessor-version":[{"id":4045,"href":"https:\/\/grammer-nutriset.com\/pt-pt\/wp-json\/wp\/v2\/pages\/3551\/revisions\/4045"}],"up":[{"embeddable":true,"href":"https:\/\/grammer-nutriset.com\/pt-pt\/wp-json\/wp\/v2\/pages\/3222"}],"wp:attachment":[{"href":"https:\/\/grammer-nutriset.com\/pt-pt\/wp-json\/wp\/v2\/media?parent=3551"}],"curies":[{"name":"wp","href":"https:\/\/api.w.org\/{rel}","templated":true}]}}