{"id":3531,"date":"2023-06-28T15:48:09","date_gmt":"2023-06-28T15:48:09","guid":{"rendered":"https:\/\/grammer-nutriset.com\/bancos-para-embarcacoes-profissionais-e-desportivas-grammer-nutriset\/avento-pro-721-bancos-para-embarcacoes-profissionais-e-desportivas-grammer-nutriset\/"},"modified":"2023-12-12T10:41:37","modified_gmt":"2023-12-12T10:41:37","slug":"avento-pro-721-bancos-para-embarcacoes-profissionais-e-desportivas-grammer-nutriset","status":"publish","type":"page","link":"https:\/\/grammer-nutriset.com\/pt-pt\/bancos-para-embarcacoes-profissionais-e-desportivas-grammer-nutriset\/avento-pro-721-bancos-para-embarcacoes-profissionais-e-desportivas-grammer-nutriset\/","title":{"rendered":"Avento Pro 721 &#8211; Bancos para embarca\u00e7\u00f5es profissionais e desportivas Grammer Nutriset"},"content":{"rendered":"<p>[et_pb_section fb_built=&#8221;1&#8243; module_class=&#8221;sliderindividual&#8221; _builder_version=&#8221;4.21.0&#8243; _module_preset=&#8221;default&#8221; background_image=&#8221;https:\/\/grammer-nutriset.com\/wp-content\/uploads\/2023\/06\/grammer-asientos-ergonomicos-de-calidad-nutriset-embarcaciones-rpofesionales-y-deportivas.jpg&#8221; height=&#8221;500px&#8221; custom_margin=&#8221;-40px||||false|false&#8221; filter_contrast=&#8221;120%&#8221; custom_css_main_element=&#8221;  display: flex;||  justify-content: center;||  align-items: center;&#8221; global_module=&#8221;1892&#8243; saved_tabs=&#8221;all&#8221; global_colors_info=&#8221;{}&#8221;][et_pb_row _builder_version=&#8221;4.21.0&#8243; _module_preset=&#8221;default&#8221; global_colors_info=&#8221;{}&#8221;][et_pb_column type=&#8221;4_4&#8243; _builder_version=&#8221;4.21.0&#8243; _module_preset=&#8221;default&#8221; global_colors_info=&#8221;{}&#8221;][et_pb_text module_class=&#8221;frasehome&#8221; _builder_version=&#8221;4.21.0&#8243; _module_preset=&#8221;default&#8221; text_font=&#8221;Golos|900|||||||&#8221; text_text_color=&#8221;#FFFFFF&#8221; text_orientation=&#8221;center&#8221; custom_margin=&#8221;||22px||false|false&#8221; global_colors_info=&#8221;{}&#8221;]<\/p>\n<p>Mais conforto para seu <br \/>EMBARCA\u00c7\u00c3O<\/p>\n<p>[\/et_pb_text][et_pb_text _builder_version=&#8221;4.21.0&#8243; _module_preset=&#8221;default&#8221; text_text_color=&#8221;#FFFFFF&#8221; text_orientation=&#8221;center&#8221; width=&#8221;70%&#8221; width_tablet=&#8221;100%&#8221; width_phone=&#8221;100%&#8221; width_last_edited=&#8221;on|tablet&#8221; module_alignment=&#8221;center&#8221; global_colors_info=&#8221;{}&#8221;]<\/p>\n<p>Desfrute da navega\u00e7\u00e3o com conforto e seguran\u00e7a, com os nossos bancos de alta qualidade para n\u00e1utica.\n<\/p>\n<p>[\/et_pb_text][\/et_pb_column][\/et_pb_row][\/et_pb_section][et_pb_section fb_built=&#8221;1&#8243; custom_padding_last_edited=&#8221;on|phone&#8221; _builder_version=&#8221;4.21.0&#8243; _module_preset=&#8221;default&#8221; background_enable_color=&#8221;off&#8221; background_enable_image=&#8221;off&#8221; custom_padding=&#8221;80px||20px||false|false&#8221; custom_padding_tablet=&#8221;50px||0px||false|false&#8221; custom_padding_phone=&#8221;50px||40px||false|false&#8221; global_colors_info=&#8221;{}&#8221;][et_pb_row column_structure=&#8221;1_2,1_2&#8243; use_custom_gutter=&#8221;on&#8221; gutter_width=&#8221;2&#8243; module_class=&#8221;intro_asiento&#8221; _builder_version=&#8221;4.21.0&#8243; _module_preset=&#8221;default&#8221; custom_margin_tablet=&#8221;||||false|false&#8221; custom_margin_phone=&#8221;||||false|false&#8221; custom_margin_last_edited=&#8221;on|tablet&#8221; hover_enabled=&#8221;0&#8243; custom_css_main_element=&#8221;  display: flex;||  justify-content: center;||  align-items: center;&#8221; global_colors_info=&#8221;{}&#8221; custom_css_main_element_last_edited=&#8221;on|phone&#8221; custom_css_main_element_tablet=&#8221;display: block;&#8221; custom_css_main_element_phone=&#8221;display: block;&#8221; sticky_enabled=&#8221;0&#8243;][et_pb_column type=&#8221;1_2&#8243; _builder_version=&#8221;4.21.0&#8243; _module_preset=&#8221;default&#8221; custom_padding=&#8221;|60px|||false|false&#8221; custom_padding_tablet=&#8221;|0px|||false|false&#8221; custom_padding_phone=&#8221;|0px|||false|false&#8221; custom_padding_last_edited=&#8221;on|tablet&#8221; global_colors_info=&#8221;{}&#8221;][et_pb_text _builder_version=&#8221;4.21.0&#8243; _module_preset=&#8221;default&#8221; header_font=&#8221;|700|||||||&#8221; header_text_color=&#8221;gcid-ba9b7497-2c5f-4358-a058-bf4d2cf9cc27&#8243; custom_margin=&#8221;||20px||false|false&#8221; global_colors_info=&#8221;{%22gcid-ba9b7497-2c5f-4358-a058-bf4d2cf9cc27%22:%91%22header_text_color%22%93}&#8221;]<\/p>\n<h1>AVENTO PRO 721<\/h1>\n<p>[\/et_pb_text][et_pb_text _builder_version=&#8221;4.21.0&#8243; _module_preset=&#8221;default&#8221; text_font=&#8221;||||||||&#8221; text_text_color=&#8221;gcid-ba9b7497-2c5f-4358-a058-bf4d2cf9cc27&#8243; width_tablet=&#8221;&#8221; width_phone=&#8221;&#8221; width_last_edited=&#8221;on|desktop&#8221; module_alignment=&#8221;center&#8221; custom_margin=&#8221;30px||30px||false|false&#8221; global_colors_info=&#8221;{%22gcid-ba9b7497-2c5f-4358-a058-bf4d2cf9cc27%22:%91%22text_text_color%22%93}&#8221;]<\/p>\n<div class=\"filnumero\">\n<div class=\"colnumero1\"><img decoding=\"async\" src=\"https:\/\/grammer-nutriset.com\/wp-content\/uploads\/2023\/06\/nutriset-asientos-ergonomicos-y-de-calidad-grammer-barco.png\" alt=\"\" class=\"wp-image-292 alignnone size-full numero\" width=\"80\" height=\"auto\"><\/div>\n<div class=\"colnumero2\">\n<p class=\"pnumero unalinia\"><strong>Bancos com suspens\u00e3o e encosto baixo<br \/><\/strong><\/p>\n<\/div>\n<\/div>\n<p>[\/et_pb_text][et_pb_text _builder_version=&#8221;4.21.0&#8243; _module_preset=&#8221;default&#8221; custom_margin=&#8221;||45px||false|false&#8221; custom_margin_tablet=&#8221;||45px||false|false&#8221; custom_margin_phone=&#8221;||40px||false|false&#8221; custom_margin_last_edited=&#8221;on|tablet&#8221; global_colors_info=&#8221;{}&#8221;]<\/p>\n<p>Descubra a gama de bancos n\u00e1uticos Avento Pro 721. Estes bancos, com suspens\u00e3o e encosto baixo, oferecem o m\u00e1ximo conforto, seguran\u00e7a e mobilidade durante a navega\u00e7\u00e3o. Concebidos para embarca\u00e7\u00f5es profissionais, adaptam-se \u00e0s exig\u00eancias do mar, atenuando os solavancos e garantindo um suporte \u00f3timo. Contam com encosto baixo e extens\u00e3o m\u00f3vel, cinto de seguran\u00e7a, suspens\u00e3o mec\u00e2nica ou pneum\u00e1tica, acabamentos em tecido ou PVC, regula\u00e7\u00e3o de peso e altura, regula\u00e7\u00e3o de encosto e suporte lombar, amortecedor e guias de correr.   <\/p>\n<p>[\/et_pb_text][et_pb_button button_text=&#8221;Baixar ficha t\u00e9cnica&#8221; button_alignment=&#8221;left&#8221; button_text_tablet=&#8221;Baixar ficha t\u00e9cnica&#8221; button_text_phone=&#8221;Ficha t\u00e9cnica&#8221; button_text_last_edited=&#8221;on|phone&#8221; button_alignment_tablet=&#8221;left&#8221; button_alignment_phone=&#8221;left&#8221; button_alignment_last_edited=&#8221;on|tablet&#8221; _builder_version=&#8221;4.21.0&#8243; _module_preset=&#8221;default&#8221; custom_button=&#8221;on&#8221; button_use_icon=&#8221;off&#8221; custom_margin_tablet=&#8221;15px||||false|false&#8221; custom_margin_phone=&#8221;15px||||false|false&#8221; custom_margin_last_edited=&#8221;on|phone&#8221; custom_padding=&#8221;15px|80px|15px|80px|true|true&#8221; custom_padding_tablet=&#8221;|50px||50px|true|true&#8221; custom_padding_phone=&#8221;15px|35px|15px|35px|true|true&#8221; custom_padding_last_edited=&#8221;on|tablet&#8221; hover_enabled=&#8221;0&#8243; global_colors_info=&#8221;{}&#8221; custom_css_main_element_last_edited=&#8221;on|tablet&#8221; custom_css_main_element_phone=&#8221;width: 100%;||text-align: center;&#8221; custom_css_main_element_tablet=&#8221;width: 100%;||text-align: center;&#8221; button_url=&#8221;https:\/\/grammer-nutriset.com\/wp-content\/uploads\/2023\/10\/Marina-Professional-Grammer-Avento-Pro-721.pdf&#8221; sticky_enabled=&#8221;0&#8243;][\/et_pb_button][\/et_pb_column][et_pb_column type=&#8221;1_2&#8243; _builder_version=&#8221;4.21.0&#8243; _module_preset=&#8221;default&#8221; custom_padding=&#8221;|60px|||false|false&#8221; global_colors_info=&#8221;{}&#8221;][et_pb_image src=&#8221;https:\/\/grammer-nutriset.com\/wp-content\/uploads\/2023\/12\/Nautico-VENDRELL-pt3.png&#8221; title_text=&#8221;Nautico Grammer Nutriset 3&#8243; align=&#8221;right&#8221; align_tablet=&#8221;center&#8221; align_phone=&#8221;right&#8221; align_last_edited=&#8221;on|tablet&#8221; disabled_on=&#8221;off|off|off&#8221; _builder_version=&#8221;4.21.0&#8243; _module_preset=&#8221;default&#8221; width=&#8221;110%&#8221; width_tablet=&#8221;100%&#8221; width_phone=&#8221;100%&#8221; width_last_edited=&#8221;on|desktop&#8221; custom_margin_tablet=&#8221;60px||50px||false|false&#8221; custom_margin_phone=&#8221;50px||0px||false|false&#8221; custom_margin_last_edited=&#8221;on|phone&#8221; global_colors_info=&#8221;{}&#8221;][\/et_pb_image][\/et_pb_column][\/et_pb_row][et_pb_row _builder_version=&#8221;4.21.0&#8243; _module_preset=&#8221;default&#8221; custom_margin=&#8221;50px||0px||false|false&#8221; custom_padding=&#8221;||0px||false|false&#8221; global_colors_info=&#8221;{}&#8221;][et_pb_column type=&#8221;4_4&#8243; _builder_version=&#8221;4.21.0&#8243; _module_preset=&#8221;default&#8221; global_colors_info=&#8221;{}&#8221;][et_pb_text module_class=&#8221;subtitol_asiento&#8221; _builder_version=&#8221;4.21.0&#8243; _module_preset=&#8221;default&#8221; header_2_font=&#8221;|700|||||||&#8221; header_2_text_color=&#8221;gcid-ba9b7497-2c5f-4358-a058-bf4d2cf9cc27&#8243; global_colors_info=&#8221;{%22gcid-ba9b7497-2c5f-4358-a058-bf4d2cf9cc27%22:%91%22header_2_text_color%22%93}&#8221;]<\/p>\n<h2>AVENTO PRO 721<\/h2>\n<p>[\/et_pb_text][\/et_pb_column][\/et_pb_row][et_pb_row column_structure=&#8221;1_3,1_3,1_3&#8243; module_class=&#8221;compacto_asiento&#8221; _builder_version=&#8221;4.21.0&#8243; _module_preset=&#8221;default&#8221; custom_margin=&#8221;50px||||false|false&#8221; custom_padding=&#8221;70px||||false|false&#8221; border_width_top=&#8221;1px&#8221; border_color_bottom=&#8221;gcid-ba9b7497-2c5f-4358-a058-bf4d2cf9cc27&#8243; global_colors_info=&#8221;{%22gcid-ba9b7497-2c5f-4358-a058-bf4d2cf9cc27%22:%91%22border_color_bottom%22%93}&#8221;][et_pb_column type=&#8221;1_3&#8243; _builder_version=&#8221;4.21.0&#8243; _module_preset=&#8221;default&#8221; global_colors_info=&#8221;{}&#8221;][et_pb_image src=&#8221;https:\/\/grammer-nutriset.com\/wp-content\/uploads\/2023\/06\/Nautico-Nutriset_AVENTO-PRO-721-XXL-09.jpg&#8221; title_text=&#8221;Nautico &#8211; Nutriset_AVENTO-PRO 721 XXL-09&#8243; disabled_on=&#8221;off|off|on&#8221; _builder_version=&#8221;4.21.0&#8243; _module_preset=&#8221;default&#8221; width=&#8221;55%&#8221; width_tablet=&#8221;60%&#8221; width_phone=&#8221;60%&#8221; width_last_edited=&#8221;on|desktop&#8221; module_alignment=&#8221;left&#8221; module_alignment_tablet=&#8221;center&#8221; module_alignment_phone=&#8221;center&#8221; module_alignment_last_edited=&#8221;on|tablet&#8221; global_colors_info=&#8221;{}&#8221;][\/et_pb_image][et_pb_text _builder_version=&#8221;4.21.0&#8243; _module_preset=&#8221;default&#8221; header_4_text_color=&#8221;gcid-ba9b7497-2c5f-4358-a058-bf4d2cf9cc27&#8243; custom_margin=&#8221;||45px||false|false&#8221; custom_margin_tablet=&#8221;||45px||false|false&#8221; custom_margin_phone=&#8221;||40px||false|false&#8221; custom_margin_last_edited=&#8221;on|tablet&#8221; text_orientation_tablet=&#8221;center&#8221; text_orientation_phone=&#8221;center&#8221; text_orientation_last_edited=&#8221;on|phone&#8221; global_colors_info=&#8221;{%22gcid-ba9b7497-2c5f-4358-a058-bf4d2cf9cc27%22:%91%22header_4_text_color%22%93}&#8221;]<\/p>\n<h4><strong>AVENTO PRO 721 XXL<\/strong><\/h4>\n<p>[\/et_pb_text][et_pb_image src=&#8221;https:\/\/grammer-nutriset.com\/wp-content\/uploads\/2023\/12\/TODO-copia-10.png&#8221; title_text=&#8221;Agricola&#8212;Caracteristicas_COMPACTO-COMFORT&#8221; _builder_version=&#8221;4.21.0&#8243; _module_preset=&#8221;default&#8221; global_colors_info=&#8221;{}&#8221;][\/et_pb_image][\/et_pb_column][et_pb_column type=&#8221;1_3&#8243; _builder_version=&#8221;4.21.0&#8243; _module_preset=&#8221;default&#8221; global_colors_info=&#8221;{}&#8221;][et_pb_image src=&#8221;https:\/\/grammer-nutriset.com\/wp-content\/uploads\/2023\/06\/Nautico-Nutriset_AVENTO-PRO-721-TM-16.jpg&#8221; title_text=&#8221;Nautico &#8211; Nutriset_AVENTO-PRO 721 TM-16&#8243; show_in_lightbox=&#8221;on&#8221; _builder_version=&#8221;4.21.0&#8243; _module_preset=&#8221;default&#8221; global_colors_info=&#8221;{}&#8221;][\/et_pb_image][\/et_pb_column][et_pb_column type=&#8221;1_3&#8243; _builder_version=&#8221;4.21.0&#8243; _module_preset=&#8221;default&#8221; global_colors_info=&#8221;{}&#8221;][et_pb_image src=&#8221;https:\/\/grammer-nutriset.com\/wp-content\/uploads\/2023\/06\/Nautico-Nutriset_AVENTO-PRO-721-XXL-09.jpg&#8221; title_text=&#8221;Nautico &#8211; Nutriset_AVENTO-PRO 721 XXL-09&#8243; disabled_on=&#8221;on|on|off&#8221; _builder_version=&#8221;4.21.0&#8243; _module_preset=&#8221;default&#8221; width=&#8221;55%&#8221; width_tablet=&#8221;55%&#8221; width_phone=&#8221;55%&#8221; width_last_edited=&#8221;on|desktop&#8221; module_alignment=&#8221;left&#8221; global_colors_info=&#8221;{}&#8221;][\/et_pb_image][\/et_pb_column][\/et_pb_row][et_pb_row column_structure=&#8221;1_3,1_3,1_3&#8243; module_class=&#8221;compacto_asiento&#8221; _builder_version=&#8221;4.21.0&#8243; _module_preset=&#8221;default&#8221; custom_padding=&#8221;70px||||false|false&#8221; border_width_top=&#8221;1px&#8221; border_color_bottom=&#8221;gcid-ba9b7497-2c5f-4358-a058-bf4d2cf9cc27&#8243; global_colors_info=&#8221;{%22gcid-ba9b7497-2c5f-4358-a058-bf4d2cf9cc27%22:%91%22border_color_bottom%22%93}&#8221;][et_pb_column type=&#8221;1_3&#8243; _builder_version=&#8221;4.21.0&#8243; _module_preset=&#8221;default&#8221; global_colors_info=&#8221;{}&#8221;][et_pb_image src=&#8221;https:\/\/grammer-nutriset.com\/wp-content\/uploads\/2023\/06\/Nautico-Nutriset_AVENTO-PRO-721-L-11.jpg&#8221; title_text=&#8221;Nautico &#8211; Nutriset_AVENTO-PRO 721 L-11&#8243; disabled_on=&#8221;off|off|on&#8221; _builder_version=&#8221;4.21.0&#8243; _module_preset=&#8221;default&#8221; width=&#8221;55%&#8221; width_tablet=&#8221;60%&#8221; width_phone=&#8221;60%&#8221; width_last_edited=&#8221;on|desktop&#8221; module_alignment=&#8221;left&#8221; module_alignment_tablet=&#8221;center&#8221; module_alignment_phone=&#8221;center&#8221; module_alignment_last_edited=&#8221;on|tablet&#8221; global_colors_info=&#8221;{}&#8221;][\/et_pb_image][et_pb_text _builder_version=&#8221;4.21.0&#8243; _module_preset=&#8221;default&#8221; header_4_text_color=&#8221;gcid-ba9b7497-2c5f-4358-a058-bf4d2cf9cc27&#8243; custom_margin=&#8221;||45px||false|false&#8221; custom_margin_tablet=&#8221;||45px||false|false&#8221; custom_margin_phone=&#8221;||40px||false|false&#8221; custom_margin_last_edited=&#8221;on|tablet&#8221; text_orientation_tablet=&#8221;center&#8221; text_orientation_phone=&#8221;center&#8221; text_orientation_last_edited=&#8221;on|phone&#8221; global_colors_info=&#8221;{%22gcid-ba9b7497-2c5f-4358-a058-bf4d2cf9cc27%22:%91%22header_4_text_color%22%93}&#8221;]<\/p>\n<h4><strong>AVENTO PRO 721 L<\/strong><\/h4>\n<p>[\/et_pb_text][et_pb_image src=&#8221;https:\/\/grammer-nutriset.com\/wp-content\/uploads\/2023\/12\/TODO-copia-11.png&#8221; title_text=&#8221;Agricola&#8212;Caracteristicas_COMPACTO-COMFORT-M&#8221; _builder_version=&#8221;4.21.0&#8243; _module_preset=&#8221;default&#8221; global_colors_info=&#8221;{}&#8221;][\/et_pb_image][\/et_pb_column][et_pb_column type=&#8221;1_3&#8243; _builder_version=&#8221;4.21.0&#8243; _module_preset=&#8221;default&#8221; global_colors_info=&#8221;{}&#8221;][et_pb_image src=&#8221;https:\/\/grammer-nutriset.com\/wp-content\/uploads\/2023\/06\/Nautico-Nutriset_AVENTO-PRO-522-XXM.jpg&#8221; title_text=&#8221;Nautico &#8211; Nutriset_AVENTO-PRO 522 XXM&#8221; show_in_lightbox=&#8221;on&#8221; _builder_version=&#8221;4.21.0&#8243; _module_preset=&#8221;default&#8221; global_colors_info=&#8221;{}&#8221;][\/et_pb_image][\/et_pb_column][et_pb_column type=&#8221;1_3&#8243; _builder_version=&#8221;4.21.0&#8243; _module_preset=&#8221;default&#8221; global_colors_info=&#8221;{}&#8221;][et_pb_image src=&#8221;https:\/\/grammer-nutriset.com\/wp-content\/uploads\/2023\/06\/Nautico-Nutriset_AVENTO-PRO-721-L-11.jpg&#8221; title_text=&#8221;Nautico &#8211; Nutriset_AVENTO-PRO 721 L-11&#8243; disabled_on=&#8221;on|on|off&#8221; _builder_version=&#8221;4.21.0&#8243; _module_preset=&#8221;default&#8221; width=&#8221;55%&#8221; width_tablet=&#8221;55%&#8221; width_phone=&#8221;55%&#8221; width_last_edited=&#8221;on|desktop&#8221; module_alignment=&#8221;left&#8221; global_colors_info=&#8221;{}&#8221;][\/et_pb_image][\/et_pb_column][\/et_pb_row][et_pb_row column_structure=&#8221;1_3,1_3,1_3&#8243; module_class=&#8221;compacto_asiento&#8221; _builder_version=&#8221;4.21.0&#8243; _module_preset=&#8221;default&#8221; custom_padding=&#8221;70px||||false|false&#8221; border_width_top=&#8221;1px&#8221; border_color_bottom=&#8221;gcid-ba9b7497-2c5f-4358-a058-bf4d2cf9cc27&#8243; global_colors_info=&#8221;{%22gcid-ba9b7497-2c5f-4358-a058-bf4d2cf9cc27%22:%91%22border_color_bottom%22%93}&#8221;][et_pb_column type=&#8221;1_3&#8243; _builder_version=&#8221;4.21.0&#8243; _module_preset=&#8221;default&#8221; global_colors_info=&#8221;{}&#8221;][et_pb_image src=&#8221;https:\/\/grammer-nutriset.com\/wp-content\/uploads\/2023\/06\/Nautico-Nutriset_AVENTO-PRO-721-M-13.jpg&#8221; title_text=&#8221;Nautico &#8211; Nutriset_AVENTO-PRO 721 M-13&#8243; disabled_on=&#8221;off|off|on&#8221; _builder_version=&#8221;4.21.0&#8243; _module_preset=&#8221;default&#8221; width=&#8221;55%&#8221; width_tablet=&#8221;60%&#8221; width_phone=&#8221;60%&#8221; width_last_edited=&#8221;on|desktop&#8221; module_alignment=&#8221;left&#8221; module_alignment_tablet=&#8221;center&#8221; module_alignment_phone=&#8221;center&#8221; module_alignment_last_edited=&#8221;on|tablet&#8221; global_colors_info=&#8221;{}&#8221;][\/et_pb_image][et_pb_text _builder_version=&#8221;4.21.0&#8243; _module_preset=&#8221;default&#8221; header_4_text_color=&#8221;gcid-ba9b7497-2c5f-4358-a058-bf4d2cf9cc27&#8243; custom_margin=&#8221;||45px||false|false&#8221; custom_margin_tablet=&#8221;||45px||false|false&#8221; custom_margin_phone=&#8221;||40px||false|false&#8221; custom_margin_last_edited=&#8221;on|tablet&#8221; text_orientation_tablet=&#8221;center&#8221; text_orientation_phone=&#8221;center&#8221; text_orientation_last_edited=&#8221;on|phone&#8221; global_colors_info=&#8221;{%22gcid-ba9b7497-2c5f-4358-a058-bf4d2cf9cc27%22:%91%22header_4_text_color%22%93}&#8221;]<\/p>\n<h4><strong>AVENTO PRO 721 M<\/strong><\/h4>\n<p>[\/et_pb_text][et_pb_image src=&#8221;https:\/\/grammer-nutriset.com\/wp-content\/uploads\/2023\/12\/TODO-copia-11.png&#8221; title_text=&#8221;Agricola&#8212;Caracteristicas_COMPACTO-COMFORT-M&#8221; _builder_version=&#8221;4.21.0&#8243; _module_preset=&#8221;default&#8221; global_colors_info=&#8221;{}&#8221;][\/et_pb_image][\/et_pb_column][et_pb_column type=&#8221;1_3&#8243; _builder_version=&#8221;4.21.0&#8243; _module_preset=&#8221;default&#8221; global_colors_info=&#8221;{}&#8221;][et_pb_image src=&#8221;https:\/\/grammer-nutriset.com\/wp-content\/uploads\/2023\/06\/Nautico-Nutriset_AVENTO-PRO-721-L-12.jpg&#8221; title_text=&#8221;Nautico &#8211; Nutriset_AVENTO-PRO 721 L-12&#8243; show_in_lightbox=&#8221;on&#8221; _builder_version=&#8221;4.21.0&#8243; _module_preset=&#8221;default&#8221; global_colors_info=&#8221;{}&#8221;][\/et_pb_image][\/et_pb_column][et_pb_column type=&#8221;1_3&#8243; _builder_version=&#8221;4.21.0&#8243; _module_preset=&#8221;default&#8221; global_colors_info=&#8221;{}&#8221;][et_pb_image src=&#8221;https:\/\/grammer-nutriset.com\/wp-content\/uploads\/2023\/06\/Nautico-Nutriset_AVENTO-PRO-721-M-13.jpg&#8221; title_text=&#8221;Nautico &#8211; Nutriset_AVENTO-PRO 721 M-13&#8243; disabled_on=&#8221;on|on|off&#8221; _builder_version=&#8221;4.21.0&#8243; _module_preset=&#8221;default&#8221; width=&#8221;55%&#8221; width_tablet=&#8221;55%&#8221; width_phone=&#8221;55%&#8221; width_last_edited=&#8221;on|desktop&#8221; module_alignment=&#8221;left&#8221; global_colors_info=&#8221;{}&#8221;][\/et_pb_image][\/et_pb_column][\/et_pb_row][et_pb_row column_structure=&#8221;1_3,1_3,1_3&#8243; module_class=&#8221;compacto_asiento&#8221; _builder_version=&#8221;4.21.0&#8243; _module_preset=&#8221;default&#8221; custom_margin=&#8221;||150px||false|false&#8221; custom_padding=&#8221;70px||||false|false&#8221; hover_enabled=&#8221;0&#8243; border_width_top=&#8221;1px&#8221; border_width_bottom=&#8221;1px&#8221; border_color_bottom=&#8221;gcid-ba9b7497-2c5f-4358-a058-bf4d2cf9cc27&#8243; global_colors_info=&#8221;{%22gcid-ba9b7497-2c5f-4358-a058-bf4d2cf9cc27%22:%91%22border_color_bottom%22%93}&#8221; sticky_enabled=&#8221;0&#8243;][et_pb_column type=&#8221;1_3&#8243; _builder_version=&#8221;4.21.0&#8243; _module_preset=&#8221;default&#8221; global_colors_info=&#8221;{}&#8221;][et_pb_image src=&#8221;https:\/\/grammer-nutriset.com\/wp-content\/uploads\/2023\/06\/Nautico-Nutriset_AVENTO-PRO-721-TM-15.jpg&#8221; title_text=&#8221;Nautico &#8211; Nutriset_AVENTO-PRO 721 TM-15&#8243; disabled_on=&#8221;off|off|on&#8221; _builder_version=&#8221;4.21.0&#8243; _module_preset=&#8221;default&#8221; width=&#8221;55%&#8221; width_tablet=&#8221;60%&#8221; width_phone=&#8221;60%&#8221; width_last_edited=&#8221;on|desktop&#8221; module_alignment=&#8221;left&#8221; module_alignment_tablet=&#8221;center&#8221; module_alignment_phone=&#8221;center&#8221; module_alignment_last_edited=&#8221;on|tablet&#8221; global_colors_info=&#8221;{}&#8221;][\/et_pb_image][et_pb_text _builder_version=&#8221;4.21.0&#8243; _module_preset=&#8221;default&#8221; header_4_text_color=&#8221;gcid-ba9b7497-2c5f-4358-a058-bf4d2cf9cc27&#8243; custom_margin=&#8221;||45px||false|false&#8221; custom_margin_tablet=&#8221;||45px||false|false&#8221; custom_margin_phone=&#8221;||40px||false|false&#8221; custom_margin_last_edited=&#8221;on|tablet&#8221; text_orientation_tablet=&#8221;center&#8221; text_orientation_phone=&#8221;center&#8221; text_orientation_last_edited=&#8221;on|phone&#8221; global_colors_info=&#8221;{%22gcid-ba9b7497-2c5f-4358-a058-bf4d2cf9cc27%22:%91%22header_4_text_color%22%93}&#8221;]<\/p>\n<h4><strong>AVENTO PRO 721 TM<\/strong><\/h4>\n<p>[\/et_pb_text][et_pb_image src=&#8221;https:\/\/grammer-nutriset.com\/wp-content\/uploads\/2023\/12\/TODO-copia-11.png&#8221; title_text=&#8221;Agricola&#8212;Caracteristicas_COMPACTO-COMFORT-M&#8221; _builder_version=&#8221;4.21.0&#8243; _module_preset=&#8221;default&#8221; global_colors_info=&#8221;{}&#8221;][\/et_pb_image][\/et_pb_column][et_pb_column type=&#8221;1_3&#8243; _builder_version=&#8221;4.21.0&#8243; _module_preset=&#8221;default&#8221; global_colors_info=&#8221;{}&#8221;][et_pb_image src=&#8221;https:\/\/grammer-nutriset.com\/wp-content\/uploads\/2023\/06\/Nautico-Nutriset_AVENTO-PRO-721-M-14.jpg&#8221; title_text=&#8221;Nautico &#8211; Nutriset_AVENTO-PRO 721 M-14&#8243; show_in_lightbox=&#8221;on&#8221; _builder_version=&#8221;4.21.0&#8243; _module_preset=&#8221;default&#8221; global_colors_info=&#8221;{}&#8221;][\/et_pb_image][\/et_pb_column][et_pb_column type=&#8221;1_3&#8243; _builder_version=&#8221;4.21.0&#8243; _module_preset=&#8221;default&#8221; global_colors_info=&#8221;{}&#8221;][et_pb_image src=&#8221;https:\/\/grammer-nutriset.com\/wp-content\/uploads\/2023\/06\/Nautico-Nutriset_AVENTO-PRO-721-TM-15.jpg&#8221; title_text=&#8221;Nautico &#8211; Nutriset_AVENTO-PRO 721 TM-15&#8243; disabled_on=&#8221;on|on|off&#8221; _builder_version=&#8221;4.21.0&#8243; _module_preset=&#8221;default&#8221; width=&#8221;55%&#8221; width_tablet=&#8221;55%&#8221; width_phone=&#8221;55%&#8221; width_last_edited=&#8221;on|desktop&#8221; module_alignment=&#8221;left&#8221; global_colors_info=&#8221;{}&#8221;][\/et_pb_image][\/et_pb_column][\/et_pb_row][\/et_pb_section]<\/p>\n","protected":false},"excerpt":{"rendered":"<p>Mais conforto para seu EMBARCA\u00c7\u00c3ODesfrute da navega\u00e7\u00e3o com conforto e seguran\u00e7a, com os nossos bancos de alta qualidade para n\u00e1utica. AVENTO PRO 721 Bancos com suspens\u00e3o e encosto baixo Descubra a gama de bancos n\u00e1uticos Avento Pro 721. Estes bancos, com suspens\u00e3o e encosto baixo, oferecem o m\u00e1ximo conforto, seguran\u00e7a e mobilidade durante a navega\u00e7\u00e3o. [&hellip;]<\/p>\n","protected":false},"author":1,"featured_media":0,"parent":3222,"menu_order":0,"comment_status":"closed","ping_status":"closed","template":"","meta":{"_et_pb_use_builder":"on","_et_pb_old_content":"","_et_gb_content_width":"","footnotes":""},"class_list":["post-3531","page","type-page","status-publish","hentry"],"_links":{"self":[{"href":"https:\/\/grammer-nutriset.com\/pt-pt\/wp-json\/wp\/v2\/pages\/3531","targetHints":{"allow":["GET"]}}],"collection":[{"href":"https:\/\/grammer-nutriset.com\/pt-pt\/wp-json\/wp\/v2\/pages"}],"about":[{"href":"https:\/\/grammer-nutriset.com\/pt-pt\/wp-json\/wp\/v2\/types\/page"}],"author":[{"embeddable":true,"href":"https:\/\/grammer-nutriset.com\/pt-pt\/wp-json\/wp\/v2\/users\/1"}],"replies":[{"embeddable":true,"href":"https:\/\/grammer-nutriset.com\/pt-pt\/wp-json\/wp\/v2\/comments?post=3531"}],"version-history":[{"count":11,"href":"https:\/\/grammer-nutriset.com\/pt-pt\/wp-json\/wp\/v2\/pages\/3531\/revisions"}],"predecessor-version":[{"id":4161,"href":"https:\/\/grammer-nutriset.com\/pt-pt\/wp-json\/wp\/v2\/pages\/3531\/revisions\/4161"}],"up":[{"embeddable":true,"href":"https:\/\/grammer-nutriset.com\/pt-pt\/wp-json\/wp\/v2\/pages\/3222"}],"wp:attachment":[{"href":"https:\/\/grammer-nutriset.com\/pt-pt\/wp-json\/wp\/v2\/media?parent=3531"}],"curies":[{"name":"wp","href":"https:\/\/api.w.org\/{rel}","templated":true}]}}