{"id":3309,"date":"2023-06-18T17:09:11","date_gmt":"2023-06-18T17:09:11","guid":{"rendered":"https:\/\/grammer-nutriset.com\/bancos-agricolas-grammer-nutrsiet\/primo-professional-banco-agricola-grammer-nutriset\/"},"modified":"2023-12-05T12:03:41","modified_gmt":"2023-12-05T12:03:41","slug":"primo-professional-banco-agricola-grammer-nutriset","status":"publish","type":"page","link":"https:\/\/grammer-nutriset.com\/pt-pt\/bancos-agricolas-grammer-nutrsiet\/primo-professional-banco-agricola-grammer-nutriset\/","title":{"rendered":"Primo Professional &#8211; Banco Agr\u00edcola Grammer Nutriset"},"content":{"rendered":"<p>[et_pb_section fb_built=&#8221;1&#8243; module_class=&#8221;sliderindividual&#8221; _builder_version=&#8221;4.21.0&#8243; _module_preset=&#8221;default&#8221; background_image=&#8221;https:\/\/grammer-nutriset.com\/wp-content\/uploads\/2023\/06\/grammer-asientos-ergonomicos-de-calidad-nutriset-tractores-y-maquinaria-agricola.jpg&#8221; height=&#8221;500px&#8221; custom_margin=&#8221;-40px||||false|false&#8221; custom_css_main_element=&#8221;  display: flex;||  justify-content: center;||  align-items: center;&#8221; global_module=&#8221;630&#8243; saved_tabs=&#8221;all&#8221; global_colors_info=&#8221;{}&#8221;][et_pb_row _builder_version=&#8221;4.21.0&#8243; _module_preset=&#8221;default&#8221; global_colors_info=&#8221;{}&#8221;][et_pb_column type=&#8221;4_4&#8243; _builder_version=&#8221;4.21.0&#8243; _module_preset=&#8221;default&#8221; global_colors_info=&#8221;{}&#8221;][et_pb_text module_class=&#8221;frasehome&#8221; _builder_version=&#8221;4.21.0&#8243; _module_preset=&#8221;default&#8221; text_font=&#8221;Golos|900|||||||&#8221; text_text_color=&#8221;#FFFFFF&#8221; text_orientation=&#8221;center&#8221; custom_margin=&#8221;||22px||false|false&#8221; global_colors_info=&#8221;{}&#8221;]<\/p>\n<p>Mais conforto para seu<br \/>TRATOR E M\u00c1QUINAS AGR\u00cdCOLAS<\/p>\n<p>[\/et_pb_text][et_pb_text _builder_version=&#8221;4.21.0&#8243; _module_preset=&#8221;default&#8221; text_text_color=&#8221;#FFFFFF&#8221; text_orientation=&#8221;center&#8221; width=&#8221;70%&#8221; width_tablet=&#8221;100%&#8221; width_phone=&#8221;100%&#8221; width_last_edited=&#8221;on|tablet&#8221; module_alignment=&#8221;center&#8221; global_colors_info=&#8221;{}&#8221;]Proteja as suas costas e desfrute do conforto necess\u00e1rio para longos dias de trabalho no campo.[\/et_pb_text][\/et_pb_column][\/et_pb_row][\/et_pb_section][et_pb_section fb_built=&#8221;1&#8243; custom_padding_last_edited=&#8221;on|phone&#8221; _builder_version=&#8221;4.21.0&#8243; _module_preset=&#8221;default&#8221; background_enable_color=&#8221;off&#8221; background_enable_image=&#8221;off&#8221; custom_padding=&#8221;80px||50px||false|false&#8221; custom_padding_tablet=&#8221;50px||0px||false|false&#8221; custom_padding_phone=&#8221;50px||40px||false|false&#8221; global_colors_info=&#8221;{}&#8221;][et_pb_row column_structure=&#8221;1_2,1_2&#8243; use_custom_gutter=&#8221;on&#8221; gutter_width=&#8221;2&#8243; module_class=&#8221;intro_asiento&#8221; _builder_version=&#8221;4.21.0&#8243; _module_preset=&#8221;default&#8221; custom_margin_tablet=&#8221;||||false|false&#8221; custom_margin_phone=&#8221;||||false|false&#8221; custom_margin_last_edited=&#8221;on|tablet&#8221; custom_css_main_element=&#8221;  display: flex;||  justify-content: center;||  align-items: center;&#8221; global_colors_info=&#8221;{}&#8221; custom_css_main_element_last_edited=&#8221;on|phone&#8221; custom_css_main_element_tablet=&#8221;display: block;&#8221; custom_css_main_element_phone=&#8221;display: block;&#8221;][et_pb_column type=&#8221;1_2&#8243; _builder_version=&#8221;4.21.0&#8243; _module_preset=&#8221;default&#8221; custom_padding=&#8221;|60px|||false|false&#8221; custom_padding_tablet=&#8221;|0px|||false|false&#8221; custom_padding_phone=&#8221;|0px|||false|false&#8221; custom_padding_last_edited=&#8221;on|tablet&#8221; global_colors_info=&#8221;{}&#8221;][et_pb_text _builder_version=&#8221;4.21.0&#8243; _module_preset=&#8221;default&#8221; header_font=&#8221;|700|||||||&#8221; header_text_color=&#8221;gcid-ba9b7497-2c5f-4358-a058-bf4d2cf9cc27&#8243; custom_margin=&#8221;||20px||false|false&#8221; global_colors_info=&#8221;{%22gcid-ba9b7497-2c5f-4358-a058-bf4d2cf9cc27%22:%91%22header_text_color%22%93}&#8221;]<\/p>\n<h1>PRIMO\u00ae PROFESSIONAL<\/h1>\n<p>[\/et_pb_text][et_pb_text _builder_version=&#8221;4.21.0&#8243; _module_preset=&#8221;default&#8221; text_font=&#8221;||||||||&#8221; text_text_color=&#8221;gcid-ba9b7497-2c5f-4358-a058-bf4d2cf9cc27&#8243; width_tablet=&#8221;&#8221; width_phone=&#8221;&#8221; width_last_edited=&#8221;on|desktop&#8221; module_alignment=&#8221;center&#8221; custom_margin=&#8221;30px||30px||false|false&#8221; global_colors_info=&#8221;{%22gcid-ba9b7497-2c5f-4358-a058-bf4d2cf9cc27%22:%91%22text_text_color%22%93}&#8221;]<\/p>\n<div class=\"filnumero\">\n<div class=\"colnumero1\"><img decoding=\"async\" src=\"https:\/\/grammer-nutriset.com\/wp-content\/uploads\/2023\/06\/nutriset-asientos-ergonomicos-y-de-calidad-grammer-tractor.png\" alt=\"\" class=\"wp-image-292 alignnone size-full numero\" width=\"80\" height=\"auto\"><\/div>\n<div class=\"colnumero2\">\n<p class=\"pnumero unalinia\"><strong>Bancos baixos mas com uma suspens\u00e3o de altura<br \/><\/strong><\/p>\n<\/div>\n<\/div>\n<p>[\/et_pb_text][et_pb_text _builder_version=&#8221;4.21.0&#8243; _module_preset=&#8221;default&#8221; custom_margin=&#8221;||45px||false|false&#8221; custom_margin_tablet=&#8221;||45px||false|false&#8221; custom_margin_phone=&#8221;||40px||false|false&#8221; custom_margin_last_edited=&#8221;on|tablet&#8221; global_colors_info=&#8221;{}&#8221;]<\/p>\n<p>Este banco inovador, de tamanho compacto, integra uma suspens\u00e3o pneum\u00e1tica de baixa frequ\u00eancia que lhe confere um conforto extraordin\u00e1rio. \u00c9 um banco ideal para tratores com um espa\u00e7o muito limitado em altura interior de cabina. Conta com um sistema muito simples e r\u00e1pido para ajustar o banco ao peso do condutor.  <\/p>\n<p>Equipado com suporte lombar, permite proteger a zona inferior da coluna vertebral, prevenindo les\u00f5es nos discos intervertebrais. Al\u00e9m do mais, o encosto tem uma forma assim\u00e9trica para facilitar a rota\u00e7\u00e3o do tronco para a direita, com a passagem para tr\u00e1s do bra\u00e7o direito e um suporte das costas eficaz no lado esquerdo. <\/p>\n<p>[\/et_pb_text][\/et_pb_column][et_pb_column type=&#8221;1_2&#8243; _builder_version=&#8221;4.21.0&#8243; _module_preset=&#8221;default&#8221; custom_padding=&#8221;|60px|||false|false&#8221; global_colors_info=&#8221;{}&#8221;][et_pb_image src=&#8221;https:\/\/grammer-nutriset.com\/wp-content\/uploads\/2023\/12\/Primo-Professional-Agricola-Tots-junts-Vendrell-PT.png&#8221; title_text=&#8221;Primo Professional &#8211; Agricola &#8211; Tots junts &#8211; Primo M S&#8221; align=&#8221;right&#8221; align_tablet=&#8221;center&#8221; align_phone=&#8221;right&#8221; align_last_edited=&#8221;on|tablet&#8221; disabled_on=&#8221;off|off|off&#8221; _builder_version=&#8221;4.21.0&#8243; _module_preset=&#8221;default&#8221; width=&#8221;100%&#8221; width_tablet=&#8221;100%&#8221; width_phone=&#8221;101%&#8221; width_last_edited=&#8221;on|phone&#8221; custom_margin_tablet=&#8221;60px||50px||false|false&#8221; custom_margin_phone=&#8221;50px||0px||false|false&#8221; custom_margin_last_edited=&#8221;on|phone&#8221; global_colors_info=&#8221;{}&#8221;][\/et_pb_image][\/et_pb_column][\/et_pb_row][et_pb_row column_structure=&#8221;1_3,1_3,1_3&#8243; module_class=&#8221;compacto_asiento&#8221; _builder_version=&#8221;4.21.0&#8243; _module_preset=&#8221;default&#8221; custom_margin=&#8221;50px||||false|false&#8221; custom_padding=&#8221;70px||||false|false&#8221; border_width_top=&#8221;1px&#8221; border_color_bottom=&#8221;gcid-ba9b7497-2c5f-4358-a058-bf4d2cf9cc27&#8243; global_colors_info=&#8221;{%22gcid-ba9b7497-2c5f-4358-a058-bf4d2cf9cc27%22:%91%22border_color_bottom%22%93}&#8221;][et_pb_column type=&#8221;1_3&#8243; _builder_version=&#8221;4.21.0&#8243; _module_preset=&#8221;default&#8221; global_colors_info=&#8221;{}&#8221;][et_pb_image src=&#8221;https:\/\/grammer-nutriset.com\/wp-content\/uploads\/2023\/06\/Agricola-Nutriset_Asiento-Grammer-para-tractores-agricolas-\u2013-Primo-Professional-M-43-copia.png&#8221; title_text=&#8221;Agricola &#8211; Nutriset_Asiento Grammer para tractores agr\u00edcolas \u2013 Primo Professional M-43 copia&#8221; disabled_on=&#8221;off|off|on&#8221; _builder_version=&#8221;4.21.0&#8243; _module_preset=&#8221;default&#8221; width=&#8221;55%&#8221; width_tablet=&#8221;60%&#8221; width_phone=&#8221;60%&#8221; width_last_edited=&#8221;on|desktop&#8221; module_alignment=&#8221;left&#8221; module_alignment_tablet=&#8221;center&#8221; module_alignment_phone=&#8221;center&#8221; module_alignment_last_edited=&#8221;on|tablet&#8221; global_colors_info=&#8221;{}&#8221;][\/et_pb_image][et_pb_text _builder_version=&#8221;4.21.0&#8243; _module_preset=&#8221;default&#8221; header_4_text_color=&#8221;gcid-ba9b7497-2c5f-4358-a058-bf4d2cf9cc27&#8243; custom_margin=&#8221;||25px||false|false&#8221; custom_margin_tablet=&#8221;||45px||false|false&#8221; custom_margin_phone=&#8221;||40px||false|false&#8221; custom_margin_last_edited=&#8221;on|tablet&#8221; text_orientation_tablet=&#8221;center&#8221; text_orientation_phone=&#8221;center&#8221; text_orientation_last_edited=&#8221;on|phone&#8221; global_colors_info=&#8221;{%22gcid-ba9b7497-2c5f-4358-a058-bf4d2cf9cc27%22:%91%22header_4_text_color%22%93}&#8221;]<\/p>\n<h4><strong>PRIMO\u00ae PROFESSIONAL M<\/strong><\/h4>\n<p>[\/et_pb_text][et_pb_image src=&#8221;https:\/\/grammer-nutriset.com\/wp-content\/uploads\/2023\/06\/Agricola-Caracteristicas_PRIMO.png&#8221; title_text=&#8221;Agricola&#8212;Caracteristicas_PRIMO&#8221; _builder_version=&#8221;4.21.0&#8243; _module_preset=&#8221;default&#8221; global_colors_info=&#8221;{}&#8221;][\/et_pb_image][et_pb_button button_url=&#8221;https:\/\/grammer-nutriset.com\/wp-content\/uploads\/2023\/07\/Primo-Professional-M-BD.pdf&#8221; button_text=&#8221;Baixar ficha t\u00e9cnica&#8221; button_alignment=&#8221;left&#8221; button_text_tablet=&#8221;Baixar ficha t\u00e9cnica&#8221; button_text_phone=&#8221;Ficha t\u00e9cnica&#8221; button_text_last_edited=&#8221;on|phone&#8221; button_alignment_tablet=&#8221;left&#8221; button_alignment_phone=&#8221;left&#8221; button_alignment_last_edited=&#8221;on|tablet&#8221; _builder_version=&#8221;4.21.0&#8243; _module_preset=&#8221;default&#8221; custom_button=&#8221;on&#8221; button_use_icon=&#8221;off&#8221; custom_margin_tablet=&#8221;15px||||false|false&#8221; custom_margin_phone=&#8221;15px||||false|false&#8221; custom_margin_last_edited=&#8221;on|phone&#8221; custom_padding=&#8221;15px|80px|15px|80px|true|true&#8221; custom_padding_tablet=&#8221;|50px||50px|true|true&#8221; custom_padding_phone=&#8221;15px|35px|15px|35px|true|true&#8221; custom_padding_last_edited=&#8221;on|tablet&#8221; global_colors_info=&#8221;{}&#8221; custom_css_main_element_last_edited=&#8221;on|tablet&#8221; custom_css_main_element_phone=&#8221;width: 100%;||text-align: center;&#8221; custom_css_main_element_tablet=&#8221;width: 100%;||text-align: center;&#8221;][\/et_pb_button][\/et_pb_column][et_pb_column type=&#8221;1_3&#8243; _builder_version=&#8221;4.21.0&#8243; _module_preset=&#8221;default&#8221; global_colors_info=&#8221;{}&#8221;][et_pb_image src=&#8221;https:\/\/grammer-nutriset.com\/wp-content\/uploads\/2023\/06\/Asientos-Grammer-Nutriset-Maximo_Asiento-Grammer-para-tractores-agricolas-\u2013-Primo-Professional-M-42.jpg&#8221; title_text=&#8221;Asientos Grammer &#8211; Nutriset &#8211; Maximo_Asiento Grammer para tractores agr\u00edcolas \u2013 Primo Professional M-42&#8243; show_in_lightbox=&#8221;on&#8221; _builder_version=&#8221;4.21.0&#8243; _module_preset=&#8221;default&#8221; global_colors_info=&#8221;{}&#8221;][\/et_pb_image][\/et_pb_column][et_pb_column type=&#8221;1_3&#8243; _builder_version=&#8221;4.21.0&#8243; _module_preset=&#8221;default&#8221; global_colors_info=&#8221;{}&#8221;][et_pb_image src=&#8221;https:\/\/grammer-nutriset.com\/wp-content\/uploads\/2023\/06\/Agricola-Nutriset_Asiento-Grammer-para-tractores-agricolas-\u2013-Primo-Professional-M-43-copia.png&#8221; title_text=&#8221;Agricola &#8211; Nutriset_Asiento Grammer para tractores agr\u00edcolas \u2013 Primo Professional M-43 copia&#8221; disabled_on=&#8221;on|on|off&#8221; _builder_version=&#8221;4.21.0&#8243; _module_preset=&#8221;default&#8221; width=&#8221;55%&#8221; width_tablet=&#8221;55%&#8221; width_phone=&#8221;55%&#8221; width_last_edited=&#8221;on|desktop&#8221; module_alignment=&#8221;center&#8221; global_colors_info=&#8221;{}&#8221;][\/et_pb_image][\/et_pb_column][\/et_pb_row][\/et_pb_section][et_pb_section fb_built=&#8221;1&#8243; custom_padding_last_edited=&#8221;on|desktop&#8221; _builder_version=&#8221;4.21.0&#8243; _module_preset=&#8221;default&#8221; background_enable_color=&#8221;off&#8221; background_enable_image=&#8221;off&#8221; custom_padding=&#8221;0px||20px||false|false&#8221; custom_padding_tablet=&#8221;0px||0px||false|false&#8221; custom_padding_phone=&#8221;50px||40px||false|false&#8221; global_colors_info=&#8221;{}&#8221;][et_pb_row column_structure=&#8221;1_3,1_3,1_3&#8243; module_class=&#8221;compacto_asiento&#8221; _builder_version=&#8221;4.21.0&#8243; _module_preset=&#8221;default&#8221; custom_padding=&#8221;70px||150px||false|false&#8221; hover_enabled=&#8221;0&#8243; border_width_top=&#8221;1px&#8221; border_width_bottom=&#8221;1px&#8221; border_color_bottom=&#8221;gcid-ba9b7497-2c5f-4358-a058-bf4d2cf9cc27&#8243; global_colors_info=&#8221;{%22gcid-ba9b7497-2c5f-4358-a058-bf4d2cf9cc27%22:%91%22border_color_bottom%22%93}&#8221; sticky_enabled=&#8221;0&#8243;][et_pb_column type=&#8221;1_3&#8243; _builder_version=&#8221;4.21.0&#8243; _module_preset=&#8221;default&#8221; global_colors_info=&#8221;{}&#8221;][et_pb_image src=&#8221;https:\/\/grammer-nutriset.com\/wp-content\/uploads\/2023\/06\/Asientos-Grammer-Nutriset-Maximo_Asiento-Grammer-para-tractores-agricolas-\u2013-Primo-Professional-S-43.jpg&#8221; title_text=&#8221;Asientos Grammer &#8211; Nutriset &#8211; Maximo_Asiento Grammer para tractores agr\u00edcolas \u2013 Primo Professional S-43&#8243; disabled_on=&#8221;off|off|on&#8221; _builder_version=&#8221;4.21.0&#8243; _module_preset=&#8221;default&#8221; width=&#8221;60%&#8221; width_tablet=&#8221;60%&#8221; width_phone=&#8221;60%&#8221; width_last_edited=&#8221;on|desktop&#8221; module_alignment=&#8221;left&#8221; module_alignment_tablet=&#8221;center&#8221; module_alignment_phone=&#8221;center&#8221; module_alignment_last_edited=&#8221;on|tablet&#8221; global_colors_info=&#8221;{}&#8221;][\/et_pb_image][et_pb_text _builder_version=&#8221;4.21.0&#8243; _module_preset=&#8221;default&#8221; header_4_text_color=&#8221;gcid-ba9b7497-2c5f-4358-a058-bf4d2cf9cc27&#8243; custom_margin=&#8221;||25px||false|false&#8221; custom_margin_tablet=&#8221;||45px||false|false&#8221; custom_margin_phone=&#8221;||40px||false|false&#8221; custom_margin_last_edited=&#8221;on|tablet&#8221; text_orientation_tablet=&#8221;center&#8221; text_orientation_phone=&#8221;center&#8221; text_orientation_last_edited=&#8221;on|phone&#8221; global_colors_info=&#8221;{%22gcid-ba9b7497-2c5f-4358-a058-bf4d2cf9cc27%22:%91%22header_4_text_color%22%93}&#8221;]<\/p>\n<h4><strong>PRIMO\u00ae PROFESSIONAL S<\/strong><\/h4>\n<p>[\/et_pb_text][et_pb_image src=&#8221;https:\/\/grammer-nutriset.com\/wp-content\/uploads\/2023\/06\/Agricola-Caracteristicas_PRIMO.png&#8221; title_text=&#8221;Agricola&#8212;Caracteristicas_PRIMO&#8221; _builder_version=&#8221;4.21.0&#8243; _module_preset=&#8221;default&#8221; global_colors_info=&#8221;{}&#8221;][\/et_pb_image][et_pb_button button_url=&#8221;https:\/\/grammer-nutriset.com\/wp-content\/uploads\/2023\/07\/Primo-Professional-S-Bd.pdf&#8221; button_text=&#8221;Baixar ficha t\u00e9cnica&#8221; button_alignment=&#8221;left&#8221; button_text_tablet=&#8221;Baixar ficha t\u00e9cnica&#8221; button_text_phone=&#8221;Ficha t\u00e9cnica&#8221; button_text_last_edited=&#8221;on|phone&#8221; button_alignment_tablet=&#8221;left&#8221; button_alignment_phone=&#8221;left&#8221; button_alignment_last_edited=&#8221;on|tablet&#8221; _builder_version=&#8221;4.21.0&#8243; _module_preset=&#8221;default&#8221; custom_button=&#8221;on&#8221; button_use_icon=&#8221;off&#8221; custom_margin_tablet=&#8221;15px||||false|false&#8221; custom_margin_phone=&#8221;15px||||false|false&#8221; custom_margin_last_edited=&#8221;on|phone&#8221; custom_padding=&#8221;15px|80px|15px|80px|true|true&#8221; custom_padding_tablet=&#8221;|50px||50px|true|true&#8221; custom_padding_phone=&#8221;15px|35px|15px|35px|true|true&#8221; custom_padding_last_edited=&#8221;on|tablet&#8221; global_colors_info=&#8221;{}&#8221; custom_css_main_element_last_edited=&#8221;on|tablet&#8221; custom_css_main_element_phone=&#8221;width: 100%;||text-align: center;&#8221; custom_css_main_element_tablet=&#8221;width: 100%;||text-align: center;&#8221;][\/et_pb_button][\/et_pb_column][et_pb_column type=&#8221;1_3&#8243; _builder_version=&#8221;4.21.0&#8243; _module_preset=&#8221;default&#8221; global_colors_info=&#8221;{}&#8221;][et_pb_image src=&#8221;https:\/\/grammer-nutriset.com\/wp-content\/uploads\/2023\/06\/Asientos-Grammer-Nutriset-Maximo_Asiento-Grammer-para-tractores-agricolas-\u2013-Primo-Professional-S-44.jpg&#8221; title_text=&#8221;Asientos Grammer &#8211; Nutriset &#8211; Maximo_Asiento Grammer para tractores agr\u00edcolas \u2013 Primo Professional S-44&#8243; show_in_lightbox=&#8221;on&#8221; _builder_version=&#8221;4.21.0&#8243; _module_preset=&#8221;default&#8221; global_colors_info=&#8221;{}&#8221;][\/et_pb_image][\/et_pb_column][et_pb_column type=&#8221;1_3&#8243; _builder_version=&#8221;4.21.0&#8243; _module_preset=&#8221;default&#8221; global_colors_info=&#8221;{}&#8221;][et_pb_image src=&#8221;https:\/\/grammer-nutriset.com\/wp-content\/uploads\/2023\/06\/Asientos-Grammer-Nutriset-Maximo_Asiento-Grammer-para-tractores-agricolas-\u2013-Primo-Professional-S-43.jpg&#8221; title_text=&#8221;Asientos Grammer &#8211; Nutriset &#8211; Maximo_Asiento Grammer para tractores agr\u00edcolas \u2013 Primo Professional S-43&#8243; disabled_on=&#8221;on|on|off&#8221; _builder_version=&#8221;4.21.0&#8243; _module_preset=&#8221;default&#8221; width=&#8221;60%&#8221; width_tablet=&#8221;55%&#8221; width_phone=&#8221;55%&#8221; width_last_edited=&#8221;on|desktop&#8221; module_alignment=&#8221;center&#8221; global_colors_info=&#8221;{}&#8221;][\/et_pb_image][\/et_pb_column][\/et_pb_row][\/et_pb_section]<\/p>\n","protected":false},"excerpt":{"rendered":"<p>Mais conforto para seuTRATOR E M\u00c1QUINAS AGR\u00cdCOLASProteja as suas costas e desfrute do conforto necess\u00e1rio para longos dias de trabalho no campo.PRIMO\u00ae PROFESSIONAL Bancos baixos mas com uma suspens\u00e3o de altura Este banco inovador, de tamanho compacto, integra uma suspens\u00e3o pneum\u00e1tica de baixa frequ\u00eancia que lhe confere um conforto extraordin\u00e1rio. \u00c9 um banco ideal para [&hellip;]<\/p>\n","protected":false},"author":1,"featured_media":0,"parent":3249,"menu_order":0,"comment_status":"closed","ping_status":"closed","template":"","meta":{"_et_pb_use_builder":"on","_et_pb_old_content":"","_et_gb_content_width":"","footnotes":""},"class_list":["post-3309","page","type-page","status-publish","hentry"],"_links":{"self":[{"href":"https:\/\/grammer-nutriset.com\/pt-pt\/wp-json\/wp\/v2\/pages\/3309","targetHints":{"allow":["GET"]}}],"collection":[{"href":"https:\/\/grammer-nutriset.com\/pt-pt\/wp-json\/wp\/v2\/pages"}],"about":[{"href":"https:\/\/grammer-nutriset.com\/pt-pt\/wp-json\/wp\/v2\/types\/page"}],"author":[{"embeddable":true,"href":"https:\/\/grammer-nutriset.com\/pt-pt\/wp-json\/wp\/v2\/users\/1"}],"replies":[{"embeddable":true,"href":"https:\/\/grammer-nutriset.com\/pt-pt\/wp-json\/wp\/v2\/comments?post=3309"}],"version-history":[{"count":5,"href":"https:\/\/grammer-nutriset.com\/pt-pt\/wp-json\/wp\/v2\/pages\/3309\/revisions"}],"predecessor-version":[{"id":3676,"href":"https:\/\/grammer-nutriset.com\/pt-pt\/wp-json\/wp\/v2\/pages\/3309\/revisions\/3676"}],"up":[{"embeddable":true,"href":"https:\/\/grammer-nutriset.com\/pt-pt\/wp-json\/wp\/v2\/pages\/3249"}],"wp:attachment":[{"href":"https:\/\/grammer-nutriset.com\/pt-pt\/wp-json\/wp\/v2\/media?parent=3309"}],"curies":[{"name":"wp","href":"https:\/\/api.w.org\/{rel}","templated":true}]}}