{"id":3293,"date":"2023-06-18T16:26:09","date_gmt":"2023-06-18T16:26:09","guid":{"rendered":"https:\/\/grammer-nutriset.com\/bancos-agricolas-grammer-nutrsiet\/maximo-xt-dynamic-plus-banco-agricola-grammer-nutriset\/"},"modified":"2023-12-12T11:18:04","modified_gmt":"2023-12-12T11:18:04","slug":"maximo-xt-dynamic-plus-banco-agricola-grammer-nutriset","status":"publish","type":"page","link":"https:\/\/grammer-nutriset.com\/pt-pt\/bancos-agricolas-grammer-nutrsiet\/maximo-xt-dynamic-plus-banco-agricola-grammer-nutriset\/","title":{"rendered":"Maximo XT Dynamic Plus &#8211; Banco Agr\u00edcola Grammer Nutriset"},"content":{"rendered":"<p>[et_pb_section fb_built=&#8221;1&#8243; module_class=&#8221;sliderindividual&#8221; _builder_version=&#8221;4.21.0&#8243; _module_preset=&#8221;default&#8221; background_image=&#8221;https:\/\/grammer-nutriset.com\/wp-content\/uploads\/2023\/06\/grammer-asientos-ergonomicos-de-calidad-nutriset-tractores-y-maquinaria-agricola.jpg&#8221; height=&#8221;500px&#8221; custom_margin=&#8221;-40px||||false|false&#8221; custom_css_main_element=&#8221;  display: flex;||  justify-content: center;||  align-items: center;&#8221; global_module=&#8221;630&#8243; saved_tabs=&#8221;all&#8221; global_colors_info=&#8221;{}&#8221;][et_pb_row _builder_version=&#8221;4.21.0&#8243; _module_preset=&#8221;default&#8221; global_colors_info=&#8221;{}&#8221;][et_pb_column type=&#8221;4_4&#8243; _builder_version=&#8221;4.21.0&#8243; _module_preset=&#8221;default&#8221; global_colors_info=&#8221;{}&#8221;][et_pb_text module_class=&#8221;frasehome&#8221; _builder_version=&#8221;4.21.0&#8243; _module_preset=&#8221;default&#8221; text_font=&#8221;Golos|900|||||||&#8221; text_text_color=&#8221;#FFFFFF&#8221; text_orientation=&#8221;center&#8221; custom_margin=&#8221;||22px||false|false&#8221; global_colors_info=&#8221;{}&#8221;]<\/p>\n<p>Mais conforto para seu<br \/>TRATOR E M\u00c1QUINAS AGR\u00cdCOLAS<\/p>\n<p>[\/et_pb_text][et_pb_text _builder_version=&#8221;4.21.0&#8243; _module_preset=&#8221;default&#8221; text_text_color=&#8221;#FFFFFF&#8221; text_orientation=&#8221;center&#8221; width=&#8221;70%&#8221; width_tablet=&#8221;100%&#8221; width_phone=&#8221;100%&#8221; width_last_edited=&#8221;on|tablet&#8221; module_alignment=&#8221;center&#8221; global_colors_info=&#8221;{}&#8221;]Proteja as suas costas e desfrute do conforto necess\u00e1rio para longos dias de trabalho no campo.[\/et_pb_text][\/et_pb_column][\/et_pb_row][\/et_pb_section][et_pb_section fb_built=&#8221;1&#8243; custom_padding_last_edited=&#8221;on|phone&#8221; _builder_version=&#8221;4.21.0&#8243; _module_preset=&#8221;default&#8221; background_enable_color=&#8221;off&#8221; background_enable_image=&#8221;off&#8221; custom_padding=&#8221;80px||20px||false|false&#8221; custom_padding_tablet=&#8221;50px||0px||false|false&#8221; custom_padding_phone=&#8221;50px||40px||false|false&#8221; global_colors_info=&#8221;{}&#8221;][et_pb_row column_structure=&#8221;1_2,1_2&#8243; use_custom_gutter=&#8221;on&#8221; gutter_width=&#8221;2&#8243; module_class=&#8221;intro_asiento&#8221; _builder_version=&#8221;4.21.0&#8243; _module_preset=&#8221;default&#8221; custom_margin_tablet=&#8221;||||false|false&#8221; custom_margin_phone=&#8221;||||false|false&#8221; custom_margin_last_edited=&#8221;on|tablet&#8221; custom_css_main_element=&#8221;  display: flex;||  justify-content: center;||  align-items: center;&#8221; global_colors_info=&#8221;{}&#8221; custom_css_main_element_last_edited=&#8221;on|phone&#8221; custom_css_main_element_tablet=&#8221;display: block;&#8221; custom_css_main_element_phone=&#8221;display: block;&#8221;][et_pb_column type=&#8221;1_2&#8243; _builder_version=&#8221;4.21.0&#8243; _module_preset=&#8221;default&#8221; custom_padding=&#8221;|60px|||false|false&#8221; custom_padding_tablet=&#8221;|0px|||false|false&#8221; custom_padding_phone=&#8221;|0px|||false|false&#8221; custom_padding_last_edited=&#8221;on|tablet&#8221; global_colors_info=&#8221;{}&#8221;][et_pb_text _builder_version=&#8221;4.21.0&#8243; _module_preset=&#8221;default&#8221; header_font=&#8221;|700|||||||&#8221; header_text_color=&#8221;gcid-ba9b7497-2c5f-4358-a058-bf4d2cf9cc27&#8243; custom_margin=&#8221;||20px||false|false&#8221; global_colors_info=&#8221;{%22gcid-ba9b7497-2c5f-4358-a058-bf4d2cf9cc27%22:%91%22header_text_color%22%93}&#8221;]<\/p>\n<h1>MAXIMO\u00ae XT DYNAMIC PLUS<\/h1>\n<p>[\/et_pb_text][et_pb_text _builder_version=&#8221;4.21.0&#8243; _module_preset=&#8221;default&#8221; text_font=&#8221;||||||||&#8221; text_text_color=&#8221;gcid-ba9b7497-2c5f-4358-a058-bf4d2cf9cc27&#8243; width_tablet=&#8221;&#8221; width_phone=&#8221;&#8221; width_last_edited=&#8221;on|desktop&#8221; module_alignment=&#8221;center&#8221; custom_margin=&#8221;30px||30px||false|false&#8221; global_colors_info=&#8221;{%22gcid-ba9b7497-2c5f-4358-a058-bf4d2cf9cc27%22:%91%22text_text_color%22%93}&#8221;]<\/p>\n<div class=\"filnumero\">\n<div class=\"colnumero1\"><img decoding=\"async\" src=\"https:\/\/grammer-nutriset.com\/wp-content\/uploads\/2023\/06\/nutriset-asientos-ergonomicos-y-de-calidad-grammer-tractor.png\" alt=\"\" class=\"wp-image-292 alignnone size-full numero\" width=\"80\" height=\"auto\"><\/div>\n<div class=\"colnumero2\">\n<p class=\"pnumero unalinia\"><strong>Grandes caracter\u00edsticas com uma eletr\u00f3nica mais simples<\/strong><\/p>\n<\/div>\n<\/div>\n<p>[\/et_pb_text][et_pb_text _builder_version=&#8221;4.21.0&#8243; _module_preset=&#8221;default&#8221; custom_margin=&#8221;||45px||false|false&#8221; custom_margin_tablet=&#8221;||45px||false|false&#8221; custom_margin_phone=&#8221;||40px||false|false&#8221; custom_margin_last_edited=&#8221;on|tablet&#8221; global_colors_info=&#8221;{}&#8221;]<\/p>\n<p>Com todas as caracter\u00edsticas de seguran\u00e7a e conforto mais importantes, mas simplificando a eletr\u00f3nica interna do banco, o MAXIMO XT Dynamic Plus \u00e9 uma op\u00e7\u00e3o muito interessante.<\/p>\n<p>Se tiver um trator grande, mas um or\u00e7amento mais apertado, este \u00e9 um banco que garante o seu conforto.<\/p>\n<p>[\/et_pb_text][et_pb_button button_text=&#8221;Baixar ficha t\u00e9cnica&#8221; button_alignment=&#8221;left&#8221; button_text_tablet=&#8221;Baixar ficha t\u00e9cnica&#8221; button_text_phone=&#8221;Ficha t\u00e9cnica&#8221; button_text_last_edited=&#8221;on|phone&#8221; button_alignment_tablet=&#8221;left&#8221; button_alignment_phone=&#8221;left&#8221; button_alignment_last_edited=&#8221;on|tablet&#8221; _builder_version=&#8221;4.21.0&#8243; _module_preset=&#8221;default&#8221; custom_button=&#8221;on&#8221; button_use_icon=&#8221;off&#8221; custom_margin_tablet=&#8221;15px||||false|false&#8221; custom_margin_phone=&#8221;15px||||false|false&#8221; custom_margin_last_edited=&#8221;on|phone&#8221; custom_padding=&#8221;15px|80px|15px|80px|true|true&#8221; custom_padding_tablet=&#8221;|50px||50px|true|true&#8221; custom_padding_phone=&#8221;15px|35px|15px|35px|true|true&#8221; custom_padding_last_edited=&#8221;on|tablet&#8221; hover_enabled=&#8221;0&#8243; global_colors_info=&#8221;{}&#8221; custom_css_main_element_last_edited=&#8221;on|tablet&#8221; custom_css_main_element_phone=&#8221;width: 100%;||text-align: center;&#8221; custom_css_main_element_tablet=&#8221;width: 100%;||text-align: center;&#8221; button_url=&#8221;https:\/\/grammer-nutriset.com\/wp-content\/uploads\/2023\/07\/Maximo-XT-Dynamic-Plus-Bd.pdf&#8221; sticky_enabled=&#8221;0&#8243;][\/et_pb_button][\/et_pb_column][et_pb_column type=&#8221;1_2&#8243; _builder_version=&#8221;4.21.0&#8243; _module_preset=&#8221;default&#8221; custom_padding=&#8221;|60px|||false|false&#8221; global_colors_info=&#8221;{}&#8221;][et_pb_image src=&#8221;https:\/\/grammer-nutriset.com\/wp-content\/uploads\/2023\/07\/Asiento-Grammer-Maximo-XT-Dynamic-Plus.jpg&#8221; title_text=&#8221;Asiento-Grammer-Maximo-XT-Dynamic-Plus&#8221; align=&#8221;right&#8221; align_tablet=&#8221;center&#8221; align_phone=&#8221;right&#8221; align_last_edited=&#8221;on|tablet&#8221; disabled_on=&#8221;off|off|off&#8221; _builder_version=&#8221;4.21.0&#8243; _module_preset=&#8221;default&#8221; width=&#8221;80%&#8221; width_tablet=&#8221;100%&#8221; width_phone=&#8221;101%&#8221; width_last_edited=&#8221;on|phone&#8221; custom_margin_tablet=&#8221;60px||50px||false|false&#8221; custom_margin_phone=&#8221;50px||0px||false|false&#8221; custom_margin_last_edited=&#8221;on|phone&#8221; global_colors_info=&#8221;{}&#8221;][\/et_pb_image][\/et_pb_column][\/et_pb_row][\/et_pb_section][et_pb_section fb_built=&#8221;1&#8243; custom_padding_last_edited=&#8221;on|phone&#8221; _builder_version=&#8221;4.21.0&#8243; _module_preset=&#8221;default&#8221; background_enable_color=&#8221;off&#8221; background_enable_image=&#8221;off&#8221; custom_margin=&#8221;0px||||false|false&#8221; custom_padding=&#8221;80px||50px||false|false&#8221; custom_padding_tablet=&#8221;0px||50px||false|false&#8221; custom_padding_phone=&#8221;0px||0px||false|false&#8221; global_colors_info=&#8221;{}&#8221;][et_pb_row column_structure=&#8221;1_2,1_2&#8243; use_custom_gutter=&#8221;on&#8221; gutter_width=&#8221;4&#8243; module_class=&#8221;detalles_asiento&#8221; _builder_version=&#8221;4.21.0&#8243; _module_preset=&#8221;default&#8221; custom_margin=&#8221;0px||100px||false|false&#8221; custom_margin_tablet=&#8221;||0px||false|false&#8221; custom_margin_phone=&#8221;||70px||false|false&#8221; custom_margin_last_edited=&#8221;on|phone&#8221; custom_padding=&#8221;0px||0px||true|false&#8221; global_colors_info=&#8221;{}&#8221;][et_pb_column type=&#8221;1_2&#8243; _builder_version=&#8221;4.21.0&#8243; _module_preset=&#8221;default&#8221; global_colors_info=&#8221;{}&#8221;][et_pb_image src=&#8221;https:\/\/grammer-nutriset.com\/wp-content\/uploads\/2023\/12\/Maximo-XT-Agricola-2-PT3.png&#8221; title_text=&#8221;Maximo XT &#8211; Agricola&#8221; show_in_lightbox=&#8221;on&#8221; disabled_on=&#8221;on|on|off&#8221; module_class=&#8221;lista_asiento&#8221; _builder_version=&#8221;4.21.0&#8243; _module_preset=&#8221;default&#8221; custom_margin=&#8221;||60px||false|false&#8221; custom_margin_tablet=&#8221;||70px||false|false&#8221; custom_margin_phone=&#8221;||60px||false|false&#8221; custom_margin_last_edited=&#8221;on|desktop&#8221; global_colors_info=&#8221;{}&#8221;][\/et_pb_image][et_pb_gallery gallery_ids=&#8221;2684,2683&#8243; fullwidth=&#8221;on&#8221; disabled_on=&#8221;off|off|on&#8221; _builder_version=&#8221;4.21.0&#8243; _module_preset=&#8221;default&#8221; caption_text_align=&#8221;center&#8221; custom_margin=&#8221;||70px||false|false&#8221; custom_margin_tablet=&#8221;||60px||false|false&#8221; custom_margin_phone=&#8221;||60px||false|false&#8221; custom_margin_last_edited=&#8221;on|desktop&#8221; global_colors_info=&#8221;{}&#8221;][\/et_pb_gallery][et_pb_text module_class=&#8221;medidas-titol&#8221; _builder_version=&#8221;4.21.0&#8243; _module_preset=&#8221;default&#8221; header_font=&#8221;|700|||||||&#8221; header_text_color=&#8221;gcid-ba9b7497-2c5f-4358-a058-bf4d2cf9cc27&#8243; custom_margin=&#8221;||20px||false|false&#8221; global_colors_info=&#8221;{%22gcid-ba9b7497-2c5f-4358-a058-bf4d2cf9cc27%22:%91%22header_text_color%22%93}&#8221;]<\/p>\n<h1>Medidas<\/h1>\n<p>[\/et_pb_text][et_pb_image src=&#8221;https:\/\/grammer-nutriset.com\/wp-content\/uploads\/2023\/07\/Asiento-Grammer-Maximo-XT-Dynamic-Plus-medidas.png&#8221; title_text=&#8221;Asiento-Grammer-Maximo-XT-Dynamic-Plus-medidas&#8221; show_in_lightbox=&#8221;on&#8221; align=&#8221;center&#8221; force_fullwidth=&#8221;on&#8221; disabled_on=&#8221;off|off|off&#8221; module_class=&#8221;medidas-imagen&#8221; _builder_version=&#8221;4.21.0&#8243; _module_preset=&#8221;default&#8221; width_tablet=&#8221;100%&#8221; width_phone=&#8221;100%&#8221; width_last_edited=&#8221;on|desktop&#8221; custom_margin=&#8221;40px||||false|false&#8221; custom_margin_tablet=&#8221;50px||40px||false|false&#8221; custom_margin_phone=&#8221;30px||30px||false|false&#8221; custom_margin_last_edited=&#8221;on|tablet&#8221; module_alignment_tablet=&#8221;right&#8221; module_alignment_phone=&#8221;center&#8221; module_alignment_last_edited=&#8221;on|tablet&#8221; global_colors_info=&#8221;{}&#8221; width__hover_enabled=&#8221;off|desktop&#8221;][\/et_pb_image][\/et_pb_column][et_pb_column type=&#8221;1_2&#8243; module_class=&#8221;caracteristicas-asiento&#8221; _builder_version=&#8221;4.21.0&#8243; _module_preset=&#8221;default&#8221; global_colors_info=&#8221;{}&#8221;][et_pb_image src=&#8221;https:\/\/grammer-nutriset.com\/wp-content\/uploads\/2023\/12\/Maximo-XT-Agricola-2-PT4.png&#8221; title_text=&#8221;Maximo XT &#8211; Agricola2&#8243; show_in_lightbox=&#8221;on&#8221; disabled_on=&#8221;on|on|off&#8221; module_class=&#8221;lista_asiento&#8221; _builder_version=&#8221;4.21.0&#8243; _module_preset=&#8221;default&#8221; custom_margin=&#8221;||60px||false|false&#8221; custom_margin_tablet=&#8221;||70px||false|false&#8221; custom_margin_phone=&#8221;||60px||false|false&#8221; custom_margin_last_edited=&#8221;on|phone&#8221; global_colors_info=&#8221;{}&#8221;][\/et_pb_image][et_pb_text _builder_version=&#8221;4.21.0&#8243; _module_preset=&#8221;default&#8221; header_font=&#8221;|700|||||||&#8221; header_text_color=&#8221;gcid-ba9b7497-2c5f-4358-a058-bf4d2cf9cc27&#8243; header_2_font=&#8221;|700|||||||&#8221; header_2_text_align=&#8221;left&#8221; header_2_text_color=&#8221;gcid-ba9b7497-2c5f-4358-a058-bf4d2cf9cc27&#8243; custom_margin=&#8221;||30px||false|false&#8221; custom_margin_tablet=&#8221;||40px||false|false&#8221; custom_margin_phone=&#8221;||30px||false|false&#8221; custom_margin_last_edited=&#8221;on|tablet&#8221; custom_padding_tablet=&#8221;&#8221; custom_padding_phone=&#8221;&#8221; custom_padding_last_edited=&#8221;on|tablet&#8221; global_colors_info=&#8221;{%22gcid-ba9b7497-2c5f-4358-a058-bf4d2cf9cc27%22:%91%22header_text_color%22,%22header_2_text_color%22%93}&#8221;]<\/p>\n<h2>Caracter\u00edsticas<\/h2>\n<p>[\/et_pb_text][et_pb_image src=&#8221;https:\/\/grammer-nutriset.com\/wp-content\/uploads\/2023\/12\/MAXIMO\u00ae-XT-DYNAMIC-PLUS-2.png&#8221; title_text=&#8221;Agricola &#8211; Caracteristicas_MAXIMO\u00ae XT-DYNAMIC PLUS&#8221; _builder_version=&#8221;4.21.0&#8243; _module_preset=&#8221;default&#8221; width=&#8221;60%&#8221; width_tablet=&#8221;70%&#8221; width_phone=&#8221;100%&#8221; width_last_edited=&#8221;on|desktop&#8221; module_alignment=&#8221;left&#8221; custom_margin_tablet=&#8221;||25px||false|false&#8221; custom_margin_phone=&#8221;||80px||false|false&#8221; custom_margin_last_edited=&#8221;on|tablet&#8221; module_alignment_tablet=&#8221;left&#8221; module_alignment_phone=&#8221;center&#8221; module_alignment_last_edited=&#8221;on|desktop&#8221; global_colors_info=&#8221;{}&#8221;][\/et_pb_image][\/et_pb_column][\/et_pb_row][\/et_pb_section]<\/p>\n","protected":false},"excerpt":{"rendered":"<p>Mais conforto para seuTRATOR E M\u00c1QUINAS AGR\u00cdCOLASProteja as suas costas e desfrute do conforto necess\u00e1rio para longos dias de trabalho no campo.MAXIMO\u00ae XT DYNAMIC PLUS Grandes caracter\u00edsticas com uma eletr\u00f3nica mais simples Com todas as caracter\u00edsticas de seguran\u00e7a e conforto mais importantes, mas simplificando a eletr\u00f3nica interna do banco, o MAXIMO XT Dynamic Plus \u00e9 [&hellip;]<\/p>\n","protected":false},"author":1,"featured_media":0,"parent":3249,"menu_order":0,"comment_status":"closed","ping_status":"closed","template":"","meta":{"_et_pb_use_builder":"on","_et_pb_old_content":"","_et_gb_content_width":"","footnotes":""},"class_list":["post-3293","page","type-page","status-publish","hentry"],"_links":{"self":[{"href":"https:\/\/grammer-nutriset.com\/pt-pt\/wp-json\/wp\/v2\/pages\/3293","targetHints":{"allow":["GET"]}}],"collection":[{"href":"https:\/\/grammer-nutriset.com\/pt-pt\/wp-json\/wp\/v2\/pages"}],"about":[{"href":"https:\/\/grammer-nutriset.com\/pt-pt\/wp-json\/wp\/v2\/types\/page"}],"author":[{"embeddable":true,"href":"https:\/\/grammer-nutriset.com\/pt-pt\/wp-json\/wp\/v2\/users\/1"}],"replies":[{"embeddable":true,"href":"https:\/\/grammer-nutriset.com\/pt-pt\/wp-json\/wp\/v2\/comments?post=3293"}],"version-history":[{"count":12,"href":"https:\/\/grammer-nutriset.com\/pt-pt\/wp-json\/wp\/v2\/pages\/3293\/revisions"}],"predecessor-version":[{"id":4231,"href":"https:\/\/grammer-nutriset.com\/pt-pt\/wp-json\/wp\/v2\/pages\/3293\/revisions\/4231"}],"up":[{"embeddable":true,"href":"https:\/\/grammer-nutriset.com\/pt-pt\/wp-json\/wp\/v2\/pages\/3249"}],"wp:attachment":[{"href":"https:\/\/grammer-nutriset.com\/pt-pt\/wp-json\/wp\/v2\/media?parent=3293"}],"curies":[{"name":"wp","href":"https:\/\/api.w.org\/{rel}","templated":true}]}}